{"id":1321,"date":"2024-10-21T16:54:05","date_gmt":"2024-10-21T20:54:05","guid":{"rendered":"https:\/\/www.cabvwi.org\/?page_id=1321"},"modified":"2025-06-02T14:40:08","modified_gmt":"2025-06-02T18:40:08","slug":"etats-financiers","status":"publish","type":"page","link":"https:\/\/www.cabvwi.org\/fr\/etats-financiers\/","title":{"rendered":"\u00c9tats Financiers"},"content":{"rendered":"\n<div class=\"wp-block-group is-layout-flow wp-block-group-is-layout-flow\">\n<h1 class=\"wp-block-heading has-black-color has-text-color\">Les \u00e9tats financiers et les rapports annuels<\/h1>\n\n\n\n<div style=\"height:50px\" aria-hidden=\"true\" class=\"wp-block-spacer\"><\/div>\n\n\n\n<div class=\"wp-block-columns is-layout-flex wp-container-core-columns-is-layout-28f84493 wp-block-columns-is-layout-flex\">\n<div class=\"wp-block-column is-layout-flow wp-block-column-is-layout-flow\">\n<p class=\"has-text-align-center has-raft-fg-color has-text-color has-link-color wp-elements-7a6eb5bd90fc667d4a1e652561883e69\"><a href=\"https:\/\/www.dropbox.com\/scl\/fi\/hn4ikazsy7l9sx9s9mu99\/Rapport-annuel_2024_FR_CABOI.pdf?rlkey=x4gj8wil0ruo7vxar1gvbcgaz&amp;st=klt5vqqa&amp;dl=0\">Rapport annuel 2024-2025<\/a><\/p>\n\n\n\n<p class=\"has-text-align-center has-black-color has-text-color has-link-color wp-elements-5b397e2b59e77107ab60eed40328a749\"><a href=\"https:\/\/www.dropbox.com\/scl\/fi\/br36m0zq6wlnzecra860q\/VWI_AnnualReport_2023_2024_FR.pdf?rlkey=ifxjq0w7uduzylzr48qba4lws&amp;st=wv11saq9&amp;dl=0\">Rapport annuel 2023-2024<\/a><br><a href=\"https:\/\/www.dropbox.com\/scl\/fi\/w3d16lvykeerw2i22o5s4\/VWI_AnnualReport_2022_2023_FR.pdf?rlkey=bwornoqi0nunkn7g3im5j1h3j&amp;st=2a1an4ka&amp;dl=0\">Rapport annuel 2022-2023<\/a><br><a href=\"https:\/\/d2s4t2enzx2nsk.cloudfront.net\/wp-content\/uploads\/2022\/05\/VWI_AnnualReport_Final_FR.pdf?x64632=\" target=\"_blank\" rel=\"noreferrer noopener\">Rapport annuel 2021-2022<\/a><\/p>\n\n\n\n<p class=\"has-text-align-center has-black-color has-text-color has-link-color wp-elements-eb41b2b8e84486b65468334920fbf8f1\"><a href=\"https:\/\/d2s4t2enzx2nsk.cloudfront.net\/wp-content\/uploads\/2021\/08\/VWI-AR-FR_final_web_email.pdf?x64632=\" target=\"_blank\" rel=\"noreferrer noopener\">Rapport annuel 2020-2021<\/a><\/p>\n<\/div>\n\n\n\n<div class=\"wp-block-column is-layout-flow wp-block-column-is-layout-flow\">\n<p class=\"has-text-align-center has-raft-fg-color has-text-color has-link-color wp-elements-cd43157cb009a67a84985b192a900498\"><a href=\"https:\/\/www.dropbox.com\/scl\/fi\/vad5ssaet2gxqtzxxcwqc\/VolunteerWI_FS2025_Fr-signature.pdf?rlkey=6qh6r3t6dp7mt2vs8clj96mij&amp;st=75zaxfm6&amp;dl=0\" data-type=\"link\" data-id=\"https:\/\/www.dropbox.com\/scl\/fi\/vad5ssaet2gxqtzxxcwqc\/VolunteerWI_FS2025_Fr-signature.pdf?rlkey=6qh6r3t6dp7mt2vs8clj96mij&amp;st=75zaxfm6&amp;dl=0\">\u00c9tat financier sign\u00e9e 2023-2024<\/a><\/p>\n\n\n\n<p class=\"has-text-align-center has-black-color has-text-color has-link-color wp-elements-e30870bce8da2541b6e60017792e8696\"><a href=\"https:\/\/www.dropbox.com\/scl\/fi\/cbe2h3p3jjw36wrf4nsnj\/VWI_EtatsFinanciers_2024.pdf?rlkey=63t1lhyw87p60hs4maxp1nmba&amp;st=rxu35lmy&amp;dl=0\">\u00c9tat financier sign\u00e9e 2023-2024<\/a><br><a href=\"https:\/\/www.dropbox.com\/scl\/fi\/z3iogikfpirty8yoy16yv\/VWI_EtatsFinanciers_2023.pdf?rlkey=tpeuop9fy64nxwu2bj9f0qlm5&amp;st=32hd1l2n&amp;dl=0\">\u00c9tat financier sign\u00e9e 2022-2023<\/a><br><a href=\"https:\/\/d2s4t2enzx2nsk.cloudfront.net\/wp-content\/uploads\/2022\/05\/Volunteer-West-Island-2022-Etats-financiers.pdf\" target=\"_blank\" rel=\"noreferrer noopener\">\u00c9tat financier sign\u00e9e 2021-2022<\/a><\/p>\n\n\n\n<p class=\"has-text-align-center has-black-color has-text-color has-link-color wp-elements-70edf24ef0664fb7d778eabcfa329ab0\"><a href=\"https:\/\/d2s4t2enzx2nsk.cloudfront.net\/wp-content\/uploads\/2021\/08\/Volunteer-West-Island-2021-etats-financiers-signes-.pdf\" target=\"_blank\" rel=\"noreferrer noopener\">\u00c9tat financier sign\u00e9e 2020-2021<\/a><\/p>\n<\/div>\n<\/div>\n<\/div>\n\n\n\n<p><\/p>\n","protected":false},"excerpt":{"rendered":"<p>Les \u00e9tats financiers et les rapports annuels Rapport annuel 2024-2025 Rapport annuel 2023-2024Rapport annuel 2022-2023Rapport annuel 2021-2022 Rapport annuel 2020-2021 \u00c9tat financier sign\u00e9e 2023-2024 \u00c9tat financier sign\u00e9e 2023-2024\u00c9tat financier sign\u00e9e 2022-2023\u00c9tat financier sign\u00e9e 2021-2022 \u00c9tat financier sign\u00e9e 2020-2021<\/p>\n","protected":false},"author":1,"featured_media":0,"parent":0,"menu_order":0,"comment_status":"closed","ping_status":"closed","template":"","meta":{"_themeisle_gutenberg_block_has_review":false,"footnotes":""},"class_list":["post-1321","page","type-page","status-publish","hentry"],"_links":{"self":[{"href":"https:\/\/www.cabvwi.org\/fr\/wp-json\/wp\/v2\/pages\/1321","targetHints":{"allow":["GET"]}}],"collection":[{"href":"https:\/\/www.cabvwi.org\/fr\/wp-json\/wp\/v2\/pages"}],"about":[{"href":"https:\/\/www.cabvwi.org\/fr\/wp-json\/wp\/v2\/types\/page"}],"author":[{"embeddable":true,"href":"https:\/\/www.cabvwi.org\/fr\/wp-json\/wp\/v2\/users\/1"}],"replies":[{"embeddable":true,"href":"https:\/\/www.cabvwi.org\/fr\/wp-json\/wp\/v2\/comments?post=1321"}],"version-history":[{"count":4,"href":"https:\/\/www.cabvwi.org\/fr\/wp-json\/wp\/v2\/pages\/1321\/revisions"}],"predecessor-version":[{"id":1876,"href":"https:\/\/www.cabvwi.org\/fr\/wp-json\/wp\/v2\/pages\/1321\/revisions\/1876"}],"wp:attachment":[{"href":"https:\/\/www.cabvwi.org\/fr\/wp-json\/wp\/v2\/media?parent=1321"}],"curies":[{"name":"wp","href":"https:\/\/api.w.org\/{rel}","templated":true}]}}