{"id":1151,"date":"2024-02-18T12:25:02","date_gmt":"2024-02-18T17:25:02","guid":{"rendered":"http:\/\/www.cabvwi.org\/je-veux-etre-benevole\/"},"modified":"2025-07-27T14:31:02","modified_gmt":"2025-07-27T18:31:02","slug":"inscription-benevoles","status":"publish","type":"page","link":"https:\/\/www.cabvwi.org\/fr\/inscription-benevoles\/","title":{"rendered":"Je veux \u00eatre b\u00e9n\u00e9vole"},"content":{"rendered":"\n<p>&nbsp;<\/p>\n\n\n<p>Remplissez le formulaire d&rsquo;inscription ci-dessous pour \u00eatre ajout\u00e9 \u00e0 notre liste de b\u00e9n\u00e9voles. Les champs marqu\u00e9s d&rsquo;une <span style=\"color: #ff0000;\">*<\/span> sont obligatoires.<\/p>\n<p><iframe loading=\"lazy\" id=\"iframe\" class=\"iframe\" src=\"https:\/\/vwi.my.salesforce-sites.com\/volunteers\/VWI_VolunteersSignup_2024\" width=\"100%\" height=\"2500\" frameborder=\"0\" scrolling=\"no\"><span data-mce-type=\"bookmark\" style=\"display: inline-block; width: 0px; overflow: hidden; line-height: 0;\" class=\"mce_SELRES_start\">\ufeff<\/span><\/iframe><\/p>\n<p><script type=\"text\/javascript\">jQuery(function($) {\nvar search = window.location.search; $(\"#iframe\").attr(\"src\", $(\"#iframe\").attr(\"src\")+search);\n});<\/script><\/p>","protected":false},"excerpt":{"rendered":"<p>&nbsp; Remplissez le formulaire d&rsquo;inscription ci-dessous pour \u00eatre ajout\u00e9 \u00e0 notre liste de b\u00e9n\u00e9voles. Les champs marqu\u00e9s d&rsquo;une * sont obligatoires. \ufeff<\/p>\n","protected":false},"author":1,"featured_media":0,"parent":0,"menu_order":0,"comment_status":"closed","ping_status":"closed","template":"","meta":{"_themeisle_gutenberg_block_has_review":false,"footnotes":""},"class_list":["post-1151","page","type-page","status-publish","hentry"],"_links":{"self":[{"href":"https:\/\/www.cabvwi.org\/fr\/wp-json\/wp\/v2\/pages\/1151","targetHints":{"allow":["GET"]}}],"collection":[{"href":"https:\/\/www.cabvwi.org\/fr\/wp-json\/wp\/v2\/pages"}],"about":[{"href":"https:\/\/www.cabvwi.org\/fr\/wp-json\/wp\/v2\/types\/page"}],"author":[{"embeddable":true,"href":"https:\/\/www.cabvwi.org\/fr\/wp-json\/wp\/v2\/users\/1"}],"replies":[{"embeddable":true,"href":"https:\/\/www.cabvwi.org\/fr\/wp-json\/wp\/v2\/comments?post=1151"}],"version-history":[{"count":5,"href":"https:\/\/www.cabvwi.org\/fr\/wp-json\/wp\/v2\/pages\/1151\/revisions"}],"predecessor-version":[{"id":1936,"href":"https:\/\/www.cabvwi.org\/fr\/wp-json\/wp\/v2\/pages\/1151\/revisions\/1936"}],"wp:attachment":[{"href":"https:\/\/www.cabvwi.org\/fr\/wp-json\/wp\/v2\/media?parent=1151"}],"curies":[{"name":"wp","href":"https:\/\/api.w.org\/{rel}","templated":true}]}}