{"id":1149,"date":"2023-11-19T15:12:15","date_gmt":"2023-11-19T20:12:15","guid":{"rendered":"http:\/\/www.cabvwi.org\/autres-services-de-maintien\/"},"modified":"2026-04-15T14:41:27","modified_gmt":"2026-04-15T18:41:27","slug":"autres-services-de-maintien","status":"publish","type":"page","link":"https:\/\/www.cabvwi.org\/fr\/autres-services-de-maintien\/","title":{"rendered":"Autres services de maintien"},"content":{"rendered":"\n<div class=\"wp-block-group has-raft-bg-background-color has-background is-content-justification-center is-layout-constrained wp-container-core-group-is-layout-68e6dded wp-block-group-is-layout-constrained\" style=\"margin-top:0;margin-bottom:0;padding-top:0;padding-right:0;padding-bottom:25px;padding-left:0\">\n<h1 class=\"wp-block-heading has-light-green-cyan-color has-text-color has-link-color wp-elements-a70ae1dd72a89d0138711d09a3c9fe55\" style=\"padding-bottom:var(--wp--preset--spacing--30)\">Appels t\u00e9l\u00e9phoniques r\u00e9confortants \u2013 Un \u00ab Bonjour \u00bb amical<\/h1>\n\n\n\n<div class=\"wp-block-columns is-layout-flex wp-container-core-columns-is-layout-28f84493 wp-block-columns-is-layout-flex\">\n<div class=\"wp-block-column has-raft-bg-background-color has-background is-layout-flow wp-block-column-is-layout-flow\" style=\"padding-top:var(--wp--preset--spacing--20);padding-right:0;padding-bottom:var(--wp--preset--spacing--20);padding-left:0;flex-basis:60%\">\n<p class=\"has-raft-fg-alt-background-color has-background\" style=\"padding-top:var(--wp--preset--spacing--30);padding-right:var(--wp--preset--spacing--30);padding-bottom:var(--wp--preset--spacing--30);padding-left:var(--wp--preset--spacing--30)\">Le Centre d\u2019action b\u00e9n\u00e9vole Ouest-de-l\u2019\u00cele est conscient du fait que de nombreuses personnes vivant seules sont fragiles et que le contact avec d\u2019autres personnes demeure essentiel pour briser l\u2019isolement et apporter un r\u00e9confort. Le service t\u00e9l\u00e9phonique bilingue, CONTACT, est disponible pour tous les r\u00e9sidents \u00e2g\u00e9s de 55 ans et plus, qui se sentent isol\u00e9s et qui appr\u00e9cieraient parler et \u00e9changer avec une voix amicale trois fois par semaine.<br><br>De plus si vous ne r\u00e9pondez pas quand votre b\u00e9n\u00e9vole de CONTACT vous appelle et que nous n\u2019avons pas \u00e9t\u00e9 avis\u00e9 de votre absence pr\u00e9alablement, un deuxi\u00e8me appel sera fait dans les 15 minutes qui suivent. Si vous ne r\u00e9pondez pas au deuxi\u00e8me appel, un voisin ou un membre de la famille, dont vous nous aurez donn\u00e9 les coordonn\u00e9es, se pr\u00e9sentera \u00e0 votre r\u00e9sidence. Si cette personne ne peut vous joindre, un superviseur du CAB Ouest-de-l\u2019\u00cele sera avis\u00e9 d&rsquo;intervenir.<br><br>Il est important de mentionner que tous les b\u00e9n\u00e9voles de CONTACT ont \u00e9t\u00e9 soumis \u00e0 une v\u00e9rification polici\u00e8re et sont donc fiables.<br><br>Veuillez prendre note: CONTACT n\u2019est PAS un service m\u00e9dical d\u2019urgence. Il ne remplace pas le 911.<br><br>Si vous \u00eates int\u00e9ress\u00e9(e) \u00e0 recevoir ce service, ou connaissez quelqu\u2019un qui pourrait en b\u00e9n\u00e9ficier, veuillez communiquer avec nous \u00e0, <strong><a href=\"mailto:outreach@volunteerwestisland.org\" target=\"_blank\" rel=\"noreferrer noopener\">outreach@volunteerwestisland.org<\/a> ou (514) 457-5445 poste 228.<\/strong><\/p>\n<\/div>\n\n\n\n<div class=\"wp-block-column has-raft-bg-background-color has-background is-layout-flow wp-block-column-is-layout-flow\" style=\"padding-top:var(--wp--preset--spacing--20);padding-right:var(--wp--preset--spacing--20);padding-bottom:var(--wp--preset--spacing--20);padding-left:var(--wp--preset--spacing--20);flex-basis:40%\">\n<figure class=\"wp-block-image aligncenter size-full is-resized has-custom-border is-style-default\"><img loading=\"lazy\" decoding=\"async\" width=\"597\" height=\"448\" src=\"http:\/\/www.cabvwi.org\/wp-content\/uploads\/2024\/02\/Contact-Calls-volunteer-edited.jpg\" alt=\"\" class=\"wp-image-968\" style=\"border-style:none;border-width:0px;border-radius:25px;aspect-ratio:4\/3;object-fit:cover;width:auto;height:340px\" srcset=\"https:\/\/www.cabvwi.org\/wp-content\/uploads\/2024\/02\/Contact-Calls-volunteer-edited.jpg 597w, https:\/\/www.cabvwi.org\/wp-content\/uploads\/2024\/02\/Contact-Calls-volunteer-edited-300x225.jpg 300w\" sizes=\"auto, (max-width: 597px) 100vw, 597px\" \/><\/figure>\n\n\n\n<div class=\"wp-block-columns is-layout-flex wp-container-core-columns-is-layout-28f84493 wp-block-columns-is-layout-flex\">\n<div class=\"wp-block-column is-layout-flow wp-block-column-is-layout-flow\"><\/div>\n<\/div>\n\n\n\n<figure class=\"wp-block-image aligncenter size-full is-resized has-custom-border is-style-default\"><img loading=\"lazy\" decoding=\"async\" width=\"858\" height=\"864\" src=\"https:\/\/www.cabvwi.org\/wp-content\/uploads\/2024\/12\/Screenshot-2024-12-05-at-2.53.42\u202fPM.png\" alt=\"\" class=\"wp-image-1673\" style=\"border-style:none;border-width:0px;border-radius:25px;aspect-ratio:4\/3;object-fit:cover;width:auto;height:340px\"\/><\/figure>\n<\/div>\n<\/div>\n<\/div>\n\n\n\n<div class=\"wp-block-group has-raft-bg-background-color has-background is-layout-constrained wp-container-core-group-is-layout-94c10f8a wp-block-group-is-layout-constrained\" style=\"margin-top:0;margin-bottom:0;padding-top:0;padding-right:0;padding-bottom:25px;padding-left:0\">\n<h1 class=\"wp-block-heading has-light-green-cyan-color has-text-color has-link-color wp-elements-5c0863d3bdcf2f02f60d1cddf69b1100\">Service d&rsquo;imp\u00f4ts<\/h1>\n\n\n\n<figure class=\"wp-block-image aligncenter size-full is-resized has-custom-border is-style-default wp-duotone-unset-1\"><img loading=\"lazy\" decoding=\"async\" width=\"2938\" height=\"2463\" src=\"https:\/\/www.cabvwi.org\/wp-content\/uploads\/2026\/04\/1.png\" alt=\"\" class=\"wp-image-2108\" style=\"border-style:none;border-width:0px;width:1000px\"\/><\/figure>\n<\/div>\n\n\n\n<div class=\"wp-block-group has-raft-bg-background-color has-background is-layout-constrained wp-container-core-group-is-layout-94c10f8a wp-block-group-is-layout-constrained\" style=\"margin-top:0;margin-bottom:0;padding-top:0;padding-right:0;padding-bottom:25px;padding-left:0\">\n<h1 class=\"wp-block-heading has-light-green-cyan-color has-text-color has-link-color wp-elements-148cf08315b0a9a28ea35121ffb32cae\">Personne \u00e0 tout faire<\/h1>\n\n\n\n<p class=\"has-raft-fg-alt-background-color has-background\">Le Centre d\u2019action b\u00e9n\u00e9vole Ouest-de-l\u2019\u00cele offre aussi un service de Personne \u00e0 tout faire. Pour acc\u00e9der \u00e0 ce service les a\u00een\u00e9s doivent obtenir une r\u00e9f\u00e9rence du CLSC. Ce service leur permettra d\u2019avoir de l\u2019aide pour effectuer de menus travaux autour de la maison. De petites choses qui font toute la diff\u00e9rence! Des frais peuvent s&rsquo;appliquer si des mat\u00e9riaux suppl\u00e9mentaires sont n\u00e9cessaires pour r\u00e9aliser le travail.<\/p>\n\n\n\n<p class=\"has-raft-fg-alt-background-color has-background\">Pour plus d&rsquo;informations, veuillez communiquer avec nous \u00e0 <strong><a href=\"mailto:outreach@volunteerwestisland.org\">outreach@volunteerwestisland.org<\/a><\/strong> ou <strong>(514) 457-5445 poste 228<\/strong>.<br><br>Communiquez avec votre CLSC pour savoir si vous \u00eates \u00e9ligible \u00e0 ce service:<br>\u2022 <strong><a href=\"tel:514-697-4110\">(514) 697-4110<\/a><\/strong>: CLSC Lac-Saint-Louis <br>\u2022 <strong><a href=\"tel:514-639-0650\">(514) 639-0650<\/a><\/strong>: CLSC Dorval-Lachine <br>\u2022 <strong><a href=\"tel:514-626-2572\">(514) 626-2572<\/a><\/strong>: CLSC Pierrefonds<\/p>\n\n\n\n<p><\/p>\n\n\n\n<div class=\"wp-block-columns is-not-stacked-on-mobile has-raft-bg-background-color has-background is-layout-flex wp-container-core-columns-is-layout-e0e4babd wp-block-columns-is-layout-flex\" style=\"border-style:none;border-width:0px;border-radius:0px;padding-right:0;padding-left:0\">\n<div class=\"wp-block-column is-vertically-aligned-center has-raft-fg-alt-color has-raft-bg-background-color has-text-color has-background has-link-color wp-elements-169e47a1ce6e6cb40e0f468b7095ed41 is-layout-flow wp-container-core-column-is-layout-fe40df70 wp-block-column-is-layout-flow\" style=\"border-style:none;border-width:0px;padding-top:0;padding-right:var(--wp--preset--spacing--80);padding-bottom:0;padding-left:var(--wp--preset--spacing--80);flex-basis:75%\">\n<div class=\"wp-block-group has-background is-content-justification-center is-nowrap is-layout-flex wp-container-core-group-is-layout-6b937a72 wp-block-group-is-layout-flex\" style=\"border-style:none;border-width:0px;border-radius:25px;background-color:#43710f;min-height:0px;margin-top:0px;margin-bottom:0px;padding-top:0px;padding-right:0;padding-bottom:0px;padding-left:0\">\n<p class=\"has-text-align-left has-raft-fg-alt-color has-text-color has-background has-link-color wp-elements-57c52b13fb44c39f695f34d6f5573537\" style=\"background-color:#8ac038;margin-top:0;margin-right:0;margin-bottom:0;margin-left:0\"><strong>Quelques services que nous offrons comprennent:<\/strong><br> \u2022 <strong>Petites r\u00e9parations \u00e0 domicile<\/strong><br>\u2022 <strong>Changement d\u2019ampoules, de poign\u00e9es de porte et de d\u00e9tecteurs de fum\u00e9e<\/strong><br>\u2022 <strong>Installation de stores et de barres de s\u00e9curit\u00e9<\/strong><br>\u2022 <strong>Pose de cadres sur les murs<\/strong><\/p>\n<\/div>\n<\/div>\n\n\n\n<div class=\"wp-block-column is-vertically-aligned-center is-layout-flow wp-block-column-is-layout-flow\" style=\"padding-right:var(--wp--preset--spacing--30);padding-left:var(--wp--preset--spacing--30);flex-basis:25%\">\n<figure class=\"wp-block-image aligncenter size-full is-resized\"><img loading=\"lazy\" decoding=\"async\" width=\"364\" height=\"342\" src=\"http:\/\/www.cabvwi.org\/wp-content\/uploads\/2023\/11\/service_icon.png\" alt=\"\" class=\"wp-image-588\" style=\"aspect-ratio:1;object-fit:cover;width:250px\" srcset=\"https:\/\/www.cabvwi.org\/wp-content\/uploads\/2023\/11\/service_icon.png 364w, https:\/\/www.cabvwi.org\/wp-content\/uploads\/2023\/11\/service_icon-300x282.png 300w\" sizes=\"auto, (max-width: 364px) 100vw, 364px\" \/><\/figure>\n<\/div>\n<\/div>\n<\/div>\n\n\n\n<div class=\"wp-block-group has-raft-bg-background-color has-background is-layout-constrained wp-container-core-group-is-layout-94c10f8a wp-block-group-is-layout-constrained\" style=\"margin-top:0;margin-bottom:0;padding-top:0;padding-right:0;padding-bottom:25px;padding-left:0\">\n<h1 class=\"wp-block-heading has-light-green-cyan-color has-text-color has-link-color wp-elements-f0c300c317782e407f90e1125c3fada4\">S\u00e9curiCAB<\/h1>\n\n\n\n<div class=\"wp-block-columns is-layout-flex wp-container-core-columns-is-layout-28f84493 wp-block-columns-is-layout-flex\">\n<div class=\"wp-block-column has-raft-bg-background-color has-background is-layout-flow wp-block-column-is-layout-flow\" style=\"padding-top:var(--wp--preset--spacing--20);padding-right:var(--wp--preset--spacing--50);padding-bottom:var(--wp--preset--spacing--20);padding-left:0;flex-basis:60%\">\n<p class=\"has-raft-fg-alt-background-color has-background\"><strong>C&rsquo;est quoi?<\/strong><br>Il s&rsquo;agit d&rsquo;un service personnalis\u00e9 d&rsquo;appels automatis\u00e9s qui rejoint les a\u00een\u00e9s quotidiennement pour s&rsquo;assurer de leur bon \u00e9tat de sant\u00e9 ou pour leur rappeler que c&rsquo;est l&rsquo;heure de prendre leurs m\u00e9dicaments. Les abonn\u00e9s re\u00e7oivent ces appels \u00e0 des heures pr\u00e9d\u00e9termin\u00e9es, une ou plusieurs fois par jour.<br><br>Pour plus d&rsquo;informations, veuillez communiquer avec nous \u00e0 <a href=\"mailto:outreach@volunteerwestisland.org\" target=\"_blank\" rel=\"noreferrer noopener\"><strong>outreach@volunteerwestisland.org<\/strong><\/a> ou<br><strong>(514) 457-5445 poste 228<\/strong>.<\/p>\n\n\n\n<div class=\"wp-block-buttons is-content-justification-center is-layout-flex wp-container-core-buttons-is-layout-069c6771 wp-block-buttons-is-layout-flex\" style=\"margin-top:var(--wp--preset--spacing--80);margin-bottom:0\">\n<div class=\"wp-block-button has-custom-width wp-block-button__width-50 is-style-fill\"><a class=\"wp-block-button__link has-raft-fg-alt-color has-text-color has-background has-link-color has-medium-font-size has-text-align-center has-custom-font-size wp-element-button\" style=\"border-style:none;border-width:0px;border-radius:50px;background-color:#ffa74b;padding-top:var(--wp--preset--spacing--20);padding-right:var(--wp--preset--spacing--30);padding-bottom:var(--wp--preset--spacing--20);padding-left:var(--wp--preset--spacing--30)\">Nouveau <br>d\u00e8s 2024!<\/a><\/div>\n<\/div>\n<\/div>\n\n\n\n<div class=\"wp-block-column has-raft-bg-background-color has-background is-layout-flow wp-block-column-is-layout-flow\" style=\"padding-top:var(--wp--preset--spacing--20);padding-right:var(--wp--preset--spacing--20);padding-bottom:var(--wp--preset--spacing--20);padding-left:var(--wp--preset--spacing--20);flex-basis:40%\">\n<figure class=\"wp-block-image aligncenter size-full is-resized\"><img loading=\"lazy\" decoding=\"async\" width=\"441\" height=\"682\" src=\"http:\/\/www.cabvwi.org\/wp-content\/uploads\/2023\/11\/Securicab-infographic.png\" alt=\"\" class=\"wp-image-582\" style=\"width:350px\" srcset=\"https:\/\/www.cabvwi.org\/wp-content\/uploads\/2023\/11\/Securicab-infographic.png 441w, https:\/\/www.cabvwi.org\/wp-content\/uploads\/2023\/11\/Securicab-infographic-194x300.png 194w\" sizes=\"auto, (max-width: 441px) 100vw, 441px\" \/><\/figure>\n<\/div>\n<\/div>\n<\/div>\n\n\n\n<div class=\"wp-block-group has-raft-bg-background-color has-background is-layout-constrained wp-container-core-group-is-layout-94c10f8a wp-block-group-is-layout-constrained\" style=\"margin-top:0;margin-bottom:0;padding-top:0;padding-right:0;padding-bottom:25px;padding-left:0\">\n<p class=\"has-raft-fg-alt-background-color has-background\">Pour acc\u00e9der \u00e0 nos services, une r\u00e9f\u00e9rence m\u00e9dicale ou sociale est n\u00e9cessaire alors de communiquer aupr\u00e8s d\u2019un CLSC ou d&rsquo;un autre repr\u00e9sentant de la sant\u00e9 et\/ou du communautaire. ?<br><br>Pour plus d&rsquo;informations, veuillez communiquer avec nous \u00e0 <strong><a href=\"mailto:outreach@volunteerwestisland.org\" target=\"_blank\" rel=\"noreferrer noopener\">outreach@volunteerwestisland.org<\/a><\/strong> ou <strong>(514) 457-5445 poste 225.<\/strong><\/p>\n\n\n\n<div class=\"wp-block-buttons is-content-justification-center is-layout-flex wp-container-core-buttons-is-layout-a6d9f191 wp-block-buttons-is-layout-flex\" style=\"margin-top:var(--wp--preset--spacing--40);margin-bottom:var(--wp--preset--spacing--40)\">\n<div class=\"wp-block-button has-custom-width wp-block-button__width-25 is-style-fill\"><a class=\"wp-block-button__link has-raft-fg-alt-color has-light-green-cyan-background-color has-text-color has-background has-link-color has-text-align-center has-custom-font-size wp-element-button\" href=\"https:\/\/www.dropbox.com\/scl\/fo\/mlngnumcscxsekimon5oa\/ANLimF468fLrcxzsdJTqIno?rlkey=ujwyne4tp0jp53kkpvk4bi3o5&amp;st=wqtj4hmc&amp;dl=0\" style=\"border-style:none;border-width:0px;border-radius:50px;padding-top:var(--wp--preset--spacing--20);padding-right:0;padding-bottom:var(--wp--preset--spacing--20);padding-left:0;font-size:22px\">Formulaire de r\u00e9f\u00e9rence pour professionel de la sant\u00e9<\/a><\/div>\n<\/div>\n<\/div>\n","protected":false},"excerpt":{"rendered":"<p>Appels t\u00e9l\u00e9phoniques r\u00e9confortants \u2013 Un \u00ab Bonjour \u00bb amical Le Centre d\u2019action b\u00e9n\u00e9vole Ouest-de-l\u2019\u00cele est conscient du fait que de nombreuses personnes vivant seules sont fragiles et que le contact avec d\u2019autres personnes demeure essentiel pour briser l\u2019isolement et apporter un r\u00e9confort. Le service t\u00e9l\u00e9phonique bilingue, CONTACT, est disponible pour tous les r\u00e9sidents \u00e2g\u00e9s de [&hellip;]<\/p>\n","protected":false},"author":1,"featured_media":0,"parent":0,"menu_order":0,"comment_status":"closed","ping_status":"closed","template":"","meta":{"_themeisle_gutenberg_block_has_review":false,"footnotes":""},"class_list":["post-1149","page","type-page","status-publish","hentry"],"_links":{"self":[{"href":"https:\/\/www.cabvwi.org\/fr\/wp-json\/wp\/v2\/pages\/1149","targetHints":{"allow":["GET"]}}],"collection":[{"href":"https:\/\/www.cabvwi.org\/fr\/wp-json\/wp\/v2\/pages"}],"about":[{"href":"https:\/\/www.cabvwi.org\/fr\/wp-json\/wp\/v2\/types\/page"}],"author":[{"embeddable":true,"href":"https:\/\/www.cabvwi.org\/fr\/wp-json\/wp\/v2\/users\/1"}],"replies":[{"embeddable":true,"href":"https:\/\/www.cabvwi.org\/fr\/wp-json\/wp\/v2\/comments?post=1149"}],"version-history":[{"count":14,"href":"https:\/\/www.cabvwi.org\/fr\/wp-json\/wp\/v2\/pages\/1149\/revisions"}],"predecessor-version":[{"id":2110,"href":"https:\/\/www.cabvwi.org\/fr\/wp-json\/wp\/v2\/pages\/1149\/revisions\/2110"}],"wp:attachment":[{"href":"https:\/\/www.cabvwi.org\/fr\/wp-json\/wp\/v2\/media?parent=1149"}],"curies":[{"name":"wp","href":"https:\/\/api.w.org\/{rel}","templated":true}]}}