{"id":1147,"date":"2023-11-21T08:34:45","date_gmt":"2023-11-21T13:34:45","guid":{"rendered":"http:\/\/www.cabvwi.org\/benevolat-jeunesse\/"},"modified":"2025-10-20T10:11:44","modified_gmt":"2025-10-20T14:11:44","slug":"benevolat-jeunesse","status":"publish","type":"page","link":"https:\/\/www.cabvwi.org\/fr\/benevolat-jeunesse\/","title":{"rendered":"B\u00e9n\u00e9volat jeunesse"},"content":{"rendered":"\n<div class=\"wp-block-group has-raft-bg-background-color has-background is-layout-constrained wp-container-core-group-is-layout-a07aa49d wp-block-group-is-layout-constrained\" style=\"margin-top:0;margin-bottom:0;padding-top:0;padding-right:0;padding-bottom:0px;padding-left:0\">\n<h1 class=\"wp-block-heading has-light-green-cyan-color has-text-color has-link-color wp-elements-1cd7edeb9251e6c985fa60d5feaf1b25\">B\u00e9n\u00e9volat jeunesse<\/h1>\n\n\n\n<div class=\"wp-block-columns is-layout-flex wp-container-core-columns-is-layout-28f84493 wp-block-columns-is-layout-flex\">\n<div class=\"wp-block-column is-layout-flow wp-block-column-is-layout-flow\" style=\"flex-basis:100%\">\n<p class=\"has-raft-fg-alt-background-color has-background\" style=\"margin-top:0;margin-bottom:0;padding-bottom:0\">Devenez b\u00e9n\u00e9vole et impliquez-vous:<\/p>\n\n\n\n<ul style=\"padding-top:0;padding-bottom:0;padding-left:var(--wp--preset--spacing--80)\" class=\"wp-block-list has-raft-fg-alt-background-color has-background\">\n<li>Faites de nouvelles connaissances<\/li>\n\n\n\n<li>D\u00e9veloppez des habilet\u00e9s<\/li>\n\n\n\n<li>Acqu\u00e9rez de l\u2019exp\u00e9rience<\/li>\n\n\n\n<li>Aidez les autres<\/li>\n\n\n\n<li>D\u00e9veloppez de nouveaux int\u00e9r\u00eats<\/li>\n\n\n\n<li>Ayez du plaisir<\/li>\n\n\n\n<li>Apportez votre contribution et faites la diff\u00e9rence!<\/li>\n<\/ul>\n<\/div>\n<\/div>\n\n\n\n<p class=\"has-raft-fg-alt-background-color has-background\">Si vous \u00eates \u00e2g\u00e9s de <strong>12 \u00e0 24 ans<\/strong>, vous d\u00e9couvrirez un grand \u00e9ventail de <a href=\"https:\/\/www.cabvwi.org\/fr\/liste-des-opportunites\/\" target=\"_blank\" rel=\"noreferrer noopener\"><strong>possibilit\u00e9s de b\u00e9n\u00e9volat<\/strong><\/a> qui vous donnera la chance de changer des vies, y compris la v\u00f4tre! Choisissez vous-m\u00eame les comp\u00e9tences et les atouts que vous souhaitez d\u00e9velopper afin que votre exp\u00e9rience de b\u00e9n\u00e9volat soit stimulante et enrichissante.<br><br>Vous \u00eates int\u00e9ress\u00e9 \u00e0 explorer plus d\u2019une opportunit\u00e9? Vous aimeriez en connaitre d\u2019autres? <strong>Compl\u00e9tez le formulaire d\u2019adh\u00e9sion en ligne<\/strong> ou<strong> <\/strong>communiquez avec nous par courriel \u00e0 <strong><a href=\"mailto:volunteers@volunteerwestisland.org\" target=\"_blank\" rel=\"noreferrer noopener\">volunteers@volunteerwestisland.org<\/a><\/strong> ou <strong>(514) 457-5445 poste 226.<\/strong><\/p>\n\n\n\n<div class=\"wp-block-buttons is-content-justification-center is-layout-flex wp-container-core-buttons-is-layout-84dfb3a3 wp-block-buttons-is-layout-flex\" style=\"margin-top:var(--wp--preset--spacing--50);margin-bottom:var(--wp--preset--spacing--50)\">\n<div class=\"wp-block-button has-custom-width wp-block-button__width-50 is-style-fill\"><a class=\"wp-block-button__link has-raft-fg-alt-color has-light-green-cyan-background-color has-text-color has-background has-link-color has-medium-font-size has-text-align-center has-custom-font-size wp-element-button\" href=\"http:\/\/www.cabvwi.org\/fr\/inscription-benevoles\/\" style=\"border-style:none;border-width:0px;border-radius:50px;padding-top:var(--wp--preset--spacing--20);padding-right:var(--wp--preset--spacing--30);padding-bottom:var(--wp--preset--spacing--20);padding-left:var(--wp--preset--spacing--30)\" target=\"_blank\" rel=\"noreferrer noopener\">Cliquez ici pour devenir b\u00e9n\u00e9vole<\/a><\/div>\n<\/div>\n\n\n\n<div class=\"wp-block-buttons is-content-justification-center is-layout-flex wp-container-core-buttons-is-layout-84dfb3a3 wp-block-buttons-is-layout-flex\" style=\"margin-top:var(--wp--preset--spacing--50);margin-bottom:var(--wp--preset--spacing--50)\">\n<div class=\"wp-block-button has-custom-width wp-block-button__width-50 is-style-fill\"><a class=\"wp-block-button__link has-raft-fg-alt-color has-light-green-cyan-background-color has-text-color has-background has-link-color has-medium-font-size has-text-align-center has-custom-font-size wp-element-button\" href=\"https:\/\/www.cabvwi.org\/fr\/liste-des-opportunites-jeunesse\/\" style=\"border-style:none;border-width:0px;border-radius:50px;padding-top:var(--wp--preset--spacing--20);padding-right:var(--wp--preset--spacing--30);padding-bottom:var(--wp--preset--spacing--20);padding-left:var(--wp--preset--spacing--30)\">Voir tous les postes de <br>b\u00e9n\u00e9vole jeunesse disponibles<\/a><\/div>\n<\/div>\n\n\n\n<div class=\"wp-block-columns alignwide is-layout-flex wp-container-core-columns-is-layout-28f84493 wp-block-columns-is-layout-flex\">\n<div class=\"wp-block-column is-vertically-aligned-center has-raft-bg-background-color has-background is-layout-flow wp-block-column-is-layout-flow\" style=\"padding-top:0;padding-right:var(--wp--preset--spacing--30);padding-bottom:0;padding-left:var(--wp--preset--spacing--30);flex-basis:25%\">\n<figure class=\"wp-block-image aligncenter size-full is-resized has-custom-border is-style-default\"><img loading=\"lazy\" decoding=\"async\" width=\"960\" height=\"640\" src=\"http:\/\/www.cabvwi.org\/wp-content\/uploads\/2023\/11\/Youth-Volunteer-1.jpg\" alt=\"\" class=\"wp-image-686\" style=\"border-style:none;border-width:0px;border-radius:25px;aspect-ratio:1;object-fit:cover;width:auto;height:250px\" srcset=\"https:\/\/www.cabvwi.org\/wp-content\/uploads\/2023\/11\/Youth-Volunteer-1.jpg 960w, https:\/\/www.cabvwi.org\/wp-content\/uploads\/2023\/11\/Youth-Volunteer-1-300x200.jpg 300w, https:\/\/www.cabvwi.org\/wp-content\/uploads\/2023\/11\/Youth-Volunteer-1-768x512.jpg 768w\" sizes=\"auto, (max-width: 960px) 100vw, 960px\" \/><\/figure>\n<\/div>\n\n\n\n<div class=\"wp-block-column is-vertically-aligned-center has-raft-bg-background-color has-background is-layout-flow wp-block-column-is-layout-flow\" style=\"padding-top:0;padding-right:var(--wp--preset--spacing--30);padding-bottom:0;padding-left:var(--wp--preset--spacing--30);flex-basis:50%\">\n<figure class=\"wp-block-image aligncenter size-full is-resized has-custom-border is-style-default\"><img loading=\"lazy\" decoding=\"async\" width=\"966\" height=\"592\" src=\"http:\/\/www.cabvwi.org\/wp-content\/uploads\/2023\/11\/Youth-Volunteer-2-1.jpg\" alt=\"\" class=\"wp-image-706\" style=\"border-style:none;border-width:0px;border-radius:25px;object-fit:cover;width:427px;height:250px\" srcset=\"https:\/\/www.cabvwi.org\/wp-content\/uploads\/2023\/11\/Youth-Volunteer-2-1.jpg 966w, https:\/\/www.cabvwi.org\/wp-content\/uploads\/2023\/11\/Youth-Volunteer-2-1-300x184.jpg 300w, https:\/\/www.cabvwi.org\/wp-content\/uploads\/2023\/11\/Youth-Volunteer-2-1-768x471.jpg 768w\" sizes=\"auto, (max-width: 966px) 100vw, 966px\" \/><\/figure>\n<\/div>\n\n\n\n<div class=\"wp-block-column is-vertically-aligned-center is-layout-flow wp-block-column-is-layout-flow\" style=\"padding-right:var(--wp--preset--spacing--30);padding-left:var(--wp--preset--spacing--30);flex-basis:25%\">\n<figure class=\"wp-block-image aligncenter size-full is-resized has-custom-border\"><img loading=\"lazy\" decoding=\"async\" width=\"646\" height=\"822\" src=\"https:\/\/www.cabvwi.org\/wp-content\/uploads\/2025\/06\/Screenshot-2025-02-10-at-4.44.15\u202fPM.png\" alt=\"\" class=\"wp-image-1892\" style=\"border-radius:25px;aspect-ratio:1;object-fit:cover;width:auto;height:250px\" srcset=\"https:\/\/www.cabvwi.org\/wp-content\/uploads\/2025\/06\/Screenshot-2025-02-10-at-4.44.15\u202fPM.png 646w, https:\/\/www.cabvwi.org\/wp-content\/uploads\/2025\/06\/Screenshot-2025-02-10-at-4.44.15\u202fPM-236x300.png 236w\" sizes=\"auto, (max-width: 646px) 100vw, 646px\" \/><\/figure>\n<\/div>\n<\/div>\n<\/div>\n\n\n\n<div class=\"wp-block-group has-raft-bg-background-color has-background is-layout-constrained wp-container-core-group-is-layout-a07aa49d wp-block-group-is-layout-constrained\" style=\"margin-top:0;margin-bottom:0;padding-top:0;padding-right:0;padding-bottom:0px;padding-left:0\">\n<div class=\"wp-block-columns is-layout-flex wp-container-core-columns-is-layout-28f84493 wp-block-columns-is-layout-flex\">\n<div class=\"wp-block-column is-layout-flow wp-block-column-is-layout-flow\"><\/div>\n<\/div>\n\n\n\n<h1 class=\"wp-block-heading has-light-green-cyan-color has-text-color has-link-color wp-elements-310bf1f38d972c947914aaeb54c73960\">Jeunesse en action<\/h1>\n\n\n\n<p class=\"has-raft-fg-alt-background-color has-background\">Le Centre d&rsquo;action b\u00e9n\u00e9vole Ouest-de-l&rsquo;\u00cele (CABOI) collabore avec les d\u00e9put\u00e9s de l&rsquo;Assembl\u00e9e nationale du Qu\u00e9bec pour promouvoir le b\u00e9n\u00e9volat chez les jeunes de l&rsquo;Ouest-de-l&rsquo;\u00cele. Le d\u00e9fi b\u00e9n\u00e9volat Jeunesse en action (JEA) reconna\u00eet ceux qui s&rsquo;impliquent dans leur communaut\u00e9.<br><br>Le CABOI est heureux d&rsquo;annoncer le retour du <strong>programme Jeunesse en Action &#8211; D\u00e9fi b\u00e9n\u00e9volat pour l&rsquo;ann\u00e9e scolaire 2025-2026 !<\/strong> Ce d\u00e9fi encourage les \u00e9l\u00e8ves des \u00e9coles secondaires de l&rsquo;Ouest-de-l&rsquo;\u00cele et l\u2019arrondissement de Lachine \u00e0 participer \u00e0 la promotion des objectifs de d\u00e9veloppement durable cr\u00e9\u00e9s par l&rsquo;Organisation des Nations Unies (ONU). Les participants seront \u00e9valu\u00e9s en fonction de leur promotion et de leur participation \u00e0 des activit\u00e9s et des actions qui sont en lien avec les 17 objectifs pour le d\u00e9veloppement durable. Notre th\u00e8me cette ann\u00e9e est : <strong>Objectifs global \/ Impact local.<\/strong><\/p>\n\n\n\n<p class=\"has-raft-fg-alt-background-color has-background\">Les \u00e9tudiants qui r\u00e9ussissent \u00e0 accomplir au moins 30 heures d&rsquo;activit\u00e9s de b\u00e9n\u00e9volat et d&rsquo;actions touchant au moins 5 objectifs mondiaux seront reconnus pour leurs efforts et leurs r\u00e9alisations sur la base d&rsquo;un syst\u00e8me d&rsquo;\u00e9valuation pr\u00e9d\u00e9termin\u00e9. Les soumissions des \u00e9tudiants qui r\u00e9pondent aux objectifs requis ont la possibilit\u00e9 d&rsquo;\u00eatre <strong>l&rsquo;un des cinq gagnants \u00e0 recevoir une bourse d&rsquo;\u00e9tudes de 500 $.<\/strong> Tous les \u00e9tudiants qui participent au d\u00e9fi recevront un certificat de participation sign\u00e9 par le CABOI et les d\u00e9put\u00e9s participants. <strong>Le d\u00e9fi se d\u00e9roule du 15 septembre 2025 au 15 mars 2026.<\/strong> Si vous souhaitez participer au d\u00e9fi, enregistrez-vous en tant que b\u00e9n\u00e9vole sur notre site web. N&rsquo;oubliez pas d&rsquo;ajouter \u00ab Jeunesse en action \u00bb comme programme !<br><br><strong>Avez-vous des questions ?<\/strong> Communiquez avec Marcy Lewis, coordonnatrice du recrutement des b\u00e9n\u00e9voles, par courriel \u00e0 <a href=\"mailto:volunteers@volunteerwestisland.org\"><strong>volunteers@volunteerwestisland.org<\/strong><\/a> ou par t\u00e9l\u00e9phone au <strong>514-457-5445, poste 226.<\/strong><br><br>T\u00e9l\u00e9chargez le livret Jeunesse en action ci-dessous et commencez \u00e0 faire du b\u00e9n\u00e9volat d\u00e8s aujourd&rsquo;hui !<br>Visionnez les vid\u00e9os d&rsquo;instructions pour en savoir davantage sur la fa\u00e7on dont vous pouvez participer au d\u00e9fi de cette ann\u00e9e.<\/p>\n\n\n\n<div class=\"wp-block-columns is-layout-flex wp-container-core-columns-is-layout-28f84493 wp-block-columns-is-layout-flex\">\n<div class=\"wp-block-column has-raft-bg-background-color has-background is-layout-flow wp-block-column-is-layout-flow\" style=\"padding-top:var(--wp--preset--spacing--50);padding-right:var(--wp--preset--spacing--60);padding-bottom:var(--wp--preset--spacing--50);padding-left:var(--wp--preset--spacing--60);flex-basis:50%\">\n<div class=\"wp-block-buttons is-content-justification-center is-layout-flex wp-container-core-buttons-is-layout-84dfb3a3 wp-block-buttons-is-layout-flex\" style=\"margin-top:var(--wp--preset--spacing--50);margin-bottom:var(--wp--preset--spacing--50)\">\n<div class=\"wp-block-button has-custom-width wp-block-button__width-50 is-style-fill\"><a class=\"wp-block-button__link has-raft-fg-alt-color has-light-green-cyan-background-color has-text-color has-background has-link-color has-medium-font-size has-text-align-center has-custom-font-size wp-element-button\" href=\"https:\/\/www.dropbox.com\/scl\/fi\/zn46b9sowlv95g54xxb02\/Youth-in-Action-Booklet-2024-2025.pdf?rlkey=u39z4eevxzunj49izq7at6rgr&amp;st=dk6loni7&amp;dl=0\" style=\"border-style:none;border-width:0px;border-radius:50px;padding-top:var(--wp--preset--spacing--20);padding-right:var(--wp--preset--spacing--30);padding-bottom:var(--wp--preset--spacing--20);padding-left:var(--wp--preset--spacing--30)\">T\u00e9l\u00e9charger le livret Jeunesse en action<\/a><\/div>\n<\/div>\n<\/div>\n\n\n\n<div class=\"wp-block-column has-raft-bg-background-color has-background is-layout-flow wp-block-column-is-layout-flow\" style=\"padding-top:var(--wp--preset--spacing--50);padding-right:var(--wp--preset--spacing--60);padding-bottom:var(--wp--preset--spacing--50);padding-left:var(--wp--preset--spacing--60);flex-basis:50%\">\n<div class=\"wp-block-buttons is-content-justification-center is-layout-flex wp-container-core-buttons-is-layout-84dfb3a3 wp-block-buttons-is-layout-flex\" style=\"margin-top:var(--wp--preset--spacing--50);margin-bottom:var(--wp--preset--spacing--50)\">\n<div class=\"wp-block-button has-custom-width wp-block-button__width-50 is-style-fill\"><a class=\"wp-block-button__link has-raft-fg-alt-color has-light-green-cyan-background-color has-text-color has-background has-link-color has-medium-font-size has-text-align-center has-custom-font-size wp-element-button\" href=\"https:\/\/www.dropbox.com\/scl\/fi\/q4t7ql4aggw0t9bunba70\/Youth-School-Outreach-Package-FR.pdf?rlkey=2xapk833f7f0yntv5vha9y0pd&amp;st=4sk3n7i0&amp;dl=0\" style=\"border-style:none;border-width:0px;border-radius:50px;padding-top:var(--wp--preset--spacing--20);padding-right:var(--wp--preset--spacing--30);padding-bottom:var(--wp--preset--spacing--20);padding-left:var(--wp--preset--spacing--30)\">Trousse d&rsquo;informations pour les \u00e9tudiants<\/a><\/div>\n<\/div>\n<\/div>\n<\/div>\n<\/div>\n\n\n\n<figure class=\"wp-block-embed is-type-video is-provider-youtube wp-block-embed-youtube wp-embed-aspect-16-9 wp-has-aspect-ratio\"><div class=\"wp-block-embed__wrapper\">\n<iframe loading=\"lazy\" title=\"Jeunesse en action d\u00e9fi b\u00e9n\u00e9volat \/ Youth in Action Volunteer Challenge 2025\/2026\" width=\"500\" height=\"281\" src=\"https:\/\/www.youtube.com\/embed\/ZsXsicCgg-I?feature=oembed\" frameborder=\"0\" allow=\"accelerometer; autoplay; clipboard-write; encrypted-media; gyroscope; picture-in-picture; web-share\" referrerpolicy=\"strict-origin-when-cross-origin\" allowfullscreen><\/iframe>\n<\/div><\/figure>\n","protected":false},"excerpt":{"rendered":"<p>B\u00e9n\u00e9volat jeunesse Devenez b\u00e9n\u00e9vole et impliquez-vous: Si vous \u00eates \u00e2g\u00e9s de 12 \u00e0 24 ans, vous d\u00e9couvrirez un grand \u00e9ventail de possibilit\u00e9s de b\u00e9n\u00e9volat qui vous donnera la chance de changer des vies, y compris la v\u00f4tre! Choisissez vous-m\u00eame les comp\u00e9tences et les atouts que vous souhaitez d\u00e9velopper afin que votre exp\u00e9rience de b\u00e9n\u00e9volat soit [&hellip;]<\/p>\n","protected":false},"author":1,"featured_media":0,"parent":0,"menu_order":0,"comment_status":"closed","ping_status":"closed","template":"","meta":{"_themeisle_gutenberg_block_has_review":false,"footnotes":""},"class_list":["post-1147","page","type-page","status-publish","hentry"],"_links":{"self":[{"href":"https:\/\/www.cabvwi.org\/fr\/wp-json\/wp\/v2\/pages\/1147","targetHints":{"allow":["GET"]}}],"collection":[{"href":"https:\/\/www.cabvwi.org\/fr\/wp-json\/wp\/v2\/pages"}],"about":[{"href":"https:\/\/www.cabvwi.org\/fr\/wp-json\/wp\/v2\/types\/page"}],"author":[{"embeddable":true,"href":"https:\/\/www.cabvwi.org\/fr\/wp-json\/wp\/v2\/users\/1"}],"replies":[{"embeddable":true,"href":"https:\/\/www.cabvwi.org\/fr\/wp-json\/wp\/v2\/comments?post=1147"}],"version-history":[{"count":22,"href":"https:\/\/www.cabvwi.org\/fr\/wp-json\/wp\/v2\/pages\/1147\/revisions"}],"predecessor-version":[{"id":1980,"href":"https:\/\/www.cabvwi.org\/fr\/wp-json\/wp\/v2\/pages\/1147\/revisions\/1980"}],"wp:attachment":[{"href":"https:\/\/www.cabvwi.org\/fr\/wp-json\/wp\/v2\/media?parent=1147"}],"curies":[{"name":"wp","href":"https:\/\/api.w.org\/{rel}","templated":true}]}}