{"id":1143,"date":"2023-11-21T08:22:37","date_gmt":"2023-11-21T13:22:37","guid":{"rendered":"http:\/\/www.cabvwi.org\/soutien-aux-organismes\/"},"modified":"2024-11-13T09:46:21","modified_gmt":"2024-11-13T14:46:21","slug":"soutien-aux-organismes","status":"publish","type":"page","link":"https:\/\/www.cabvwi.org\/fr\/soutien-aux-organismes\/","title":{"rendered":"Soutien aux organismes"},"content":{"rendered":"\n<div class=\"wp-block-group has-raft-bg-background-color has-background is-layout-constrained wp-container-core-group-is-layout-a07aa49d wp-block-group-is-layout-constrained\" style=\"margin-top:0;margin-bottom:0;padding-top:0;padding-right:0;padding-bottom:0px;padding-left:0\">\n<h1 class=\"wp-block-heading has-light-green-cyan-color has-text-color has-link-color wp-elements-a5ed299e2c0515bac96c526b95af7505\">Soutien aux organismes<\/h1>\n\n\n\n<div class=\"wp-block-columns is-layout-flex wp-container-core-columns-is-layout-65e6f041 wp-block-columns-is-layout-flex\" style=\"padding-top:var(--wp--preset--spacing--20)\">\n<div class=\"wp-block-column is-layout-flow wp-block-column-is-layout-flow\" style=\"flex-basis:100%\">\n<p class=\"has-raft-fg-alt-background-color has-background\" style=\"margin-top:0;margin-bottom:0;padding-bottom:0\">Nous aidons les organismes \u00e0 but non lucratif et les groupes communautaires qui ont besoin d\u2019assistance pour mieux soutenir leur communaut\u00e9.<br><br>Nos services pour eux sont les suivants:<\/p>\n\n\n\n<ul style=\"padding-top:0;padding-bottom:0;padding-left:var(--wp--preset--spacing--80)\" class=\"wp-block-list has-raft-fg-alt-background-color has-background\">\n<li>Recruter des b\u00e9n\u00e9voles et les r\u00e9f\u00e9rer<\/li>\n\n\n\n<li>Faire des entrevues et des demandes de v\u00e9rification de dossiers par les services policiers (si n\u00e9cessaire)<\/li>\n\n\n\n<li>Former des groupes de b\u00e9n\u00e9voles<\/li>\n\n\n\n<li>R\u00e9f\u00e9rer des jeunes \u00e9tudiants habiles et talentueux pour vos projets ou \u00e9v\u00e9nements<\/li>\n\n\n\n<li>R\u00e9f\u00e9rer des groupes de b\u00e9n\u00e9voles pour assister les organisateurs aux \u00e9v\u00e8nements corporatifs<\/li>\n\n\n\n<li>Conseiller et assister leur propre programme de b\u00e9n\u00e9volat<\/li>\n\n\n\n<li>Faire des envois massifs de courriels pour aider au recrutement de b\u00e9n\u00e9voles visant \u00e0 combler des besoins urgents<\/li>\n<\/ul>\n<\/div>\n<\/div>\n\n\n\n<p class=\"has-raft-fg-alt-background-color has-background\">Si votre organisme communautaire \u00e0 but non lucratif est \u00e0 la recherche de b\u00e9n\u00e9voles, nous sommes disponibles pour vous aider alors n\u2019h\u00e9sitez pas \u00e0 communiquer avec nous \u00e0 <a href=\"mailto:vlunteers@volunteerwestisaland.org\" target=\"_blank\" rel=\"noreferrer noopener\"><strong>volunteers@volunteerwestisland.org<\/strong><\/a><strong> or (514) 457-5445 poste 226, <\/strong>ou <strong>compl\u00e9ter le formulaire suivant.<\/strong><\/p>\n\n\n\n<div class=\"wp-block-buttons is-content-justification-center is-layout-flex wp-container-core-buttons-is-layout-84dfb3a3 wp-block-buttons-is-layout-flex\" style=\"margin-top:var(--wp--preset--spacing--50);margin-bottom:var(--wp--preset--spacing--50)\">\n<div class=\"wp-block-button has-custom-width wp-block-button__width-25 has-custom-font-size is-style-fill has-medium-font-size\"><a class=\"wp-block-button__link has-raft-fg-alt-color has-light-green-cyan-background-color has-text-color has-background has-link-color has-text-align-center wp-element-button\" href=\"http:\/\/www.cabvwi.org\/fr\/formulaire-de-demande-de-benevoles\/\" style=\"border-style:none;border-width:0px;border-radius:50px;padding-top:var(--wp--preset--spacing--20);padding-right:var(--wp--preset--spacing--30);padding-bottom:var(--wp--preset--spacing--20);padding-left:var(--wp--preset--spacing--30)\" target=\"_blank\" rel=\"noreferrer noopener\">Inscrire mes besoins en b\u00e9n\u00e9volat ici<\/a><\/div>\n<\/div>\n\n\n\n<div class=\"wp-block-columns is-layout-flex wp-container-core-columns-is-layout-88209179 wp-block-columns-is-layout-flex\" style=\"padding-top:var(--wp--preset--spacing--50);padding-bottom:0\">\n<div class=\"wp-block-column is-vertically-aligned-center is-layout-flow wp-block-column-is-layout-flow\" style=\"flex-basis:75%\">\n<p class=\"has-raft-fg-alt-background-color has-background\">Si vous d\u00e9sirez en savoir davantage sur les groupes que nous soutenons ou d\u00e9sirez de l&rsquo;information, veuillez communiquer avec le <strong>Centre de ressources communautaires de l&rsquo;Ouest-de-l&rsquo;\u00eele<\/strong> au <strong>(514) 694-6404 <\/strong>ou <strong><a href=\"http:\/\/crcinfo.ca\" data-type=\"link\" data-id=\"crcinfo.ca\">crcinfo.ca<\/a>.<\/strong><\/p>\n<\/div>\n\n\n\n<div class=\"wp-block-column is-vertically-aligned-center is-layout-flow wp-block-column-is-layout-flow\" style=\"padding-top:0;padding-right:0;padding-bottom:0;padding-left:0;flex-basis:25%\">\n<figure class=\"wp-block-image aligncenter size-full has-custom-border\"><a href=\"https:\/\/crcinfo.ca\/\"><img loading=\"lazy\" decoding=\"async\" width=\"300\" height=\"159\" src=\"http:\/\/www.cabvwi.org\/wp-content\/uploads\/2023\/11\/CRC-Logo.png\" alt=\"\" class=\"wp-image-667\" style=\"border-style:none;border-width:0px\"\/><\/a><\/figure>\n<\/div>\n<\/div>\n\n\n\n<div class=\"wp-block-columns is-layout-flex wp-container-core-columns-is-layout-28f84493 wp-block-columns-is-layout-flex\">\n<div class=\"wp-block-column has-raft-bg-background-color has-background is-layout-flow wp-block-column-is-layout-flow\" style=\"padding-top:var(--wp--preset--spacing--50);padding-right:var(--wp--preset--spacing--60);padding-bottom:var(--wp--preset--spacing--50);padding-left:var(--wp--preset--spacing--60);flex-basis:50%\">\n<figure class=\"wp-block-image size-full has-custom-border is-style-default\"><img loading=\"lazy\" decoding=\"async\" width=\"2100\" height=\"1400\" src=\"https:\/\/www.cabvwi.org\/wp-content\/uploads\/2024\/11\/860_ps130913_hirez1.jpg\" alt=\"\" class=\"wp-image-1621\" style=\"border-style:none;border-width:0px;border-radius:25px;aspect-ratio:16\/9;object-fit:cover\"\/><\/figure>\n<\/div>\n\n\n\n<div class=\"wp-block-column has-raft-bg-background-color has-background is-layout-flow wp-block-column-is-layout-flow\" style=\"padding-top:var(--wp--preset--spacing--50);padding-right:var(--wp--preset--spacing--60);padding-bottom:var(--wp--preset--spacing--50);padding-left:var(--wp--preset--spacing--60);flex-basis:50%\">\n<figure class=\"wp-block-image size-full has-custom-border is-style-default\"><img loading=\"lazy\" decoding=\"async\" width=\"4128\" height=\"2322\" src=\"https:\/\/www.cabvwi.org\/wp-content\/uploads\/2024\/11\/20140912_094030.jpeg\" alt=\"\" class=\"wp-image-1618\" style=\"border-style:none;border-width:0px;border-radius:25px;aspect-ratio:16\/9;object-fit:cover\"\/><\/figure>\n<\/div>\n<\/div>\n<\/div>\n","protected":false},"excerpt":{"rendered":"<p>Soutien aux organismes Nous aidons les organismes \u00e0 but non lucratif et les groupes communautaires qui ont besoin d\u2019assistance pour mieux soutenir leur communaut\u00e9. Nos services pour eux sont les suivants: Si votre organisme communautaire \u00e0 but non lucratif est \u00e0 la recherche de b\u00e9n\u00e9voles, nous sommes disponibles pour vous aider alors n\u2019h\u00e9sitez pas \u00e0 [&hellip;]<\/p>\n","protected":false},"author":1,"featured_media":0,"parent":0,"menu_order":0,"comment_status":"closed","ping_status":"closed","template":"","meta":{"_themeisle_gutenberg_block_has_review":false,"footnotes":""},"class_list":["post-1143","page","type-page","status-publish","hentry"],"_links":{"self":[{"href":"https:\/\/www.cabvwi.org\/fr\/wp-json\/wp\/v2\/pages\/1143","targetHints":{"allow":["GET"]}}],"collection":[{"href":"https:\/\/www.cabvwi.org\/fr\/wp-json\/wp\/v2\/pages"}],"about":[{"href":"https:\/\/www.cabvwi.org\/fr\/wp-json\/wp\/v2\/types\/page"}],"author":[{"embeddable":true,"href":"https:\/\/www.cabvwi.org\/fr\/wp-json\/wp\/v2\/users\/1"}],"replies":[{"embeddable":true,"href":"https:\/\/www.cabvwi.org\/fr\/wp-json\/wp\/v2\/comments?post=1143"}],"version-history":[{"count":6,"href":"https:\/\/www.cabvwi.org\/fr\/wp-json\/wp\/v2\/pages\/1143\/revisions"}],"predecessor-version":[{"id":1624,"href":"https:\/\/www.cabvwi.org\/fr\/wp-json\/wp\/v2\/pages\/1143\/revisions\/1624"}],"wp:attachment":[{"href":"https:\/\/www.cabvwi.org\/fr\/wp-json\/wp\/v2\/media?parent=1143"}],"curies":[{"name":"wp","href":"https:\/\/api.w.org\/{rel}","templated":true}]}}