{"id":1141,"date":"2023-11-19T12:45:26","date_gmt":"2023-11-19T17:45:26","guid":{"rendered":"http:\/\/www.cabvwi.org\/services-alimentaires\/"},"modified":"2026-02-12T10:17:32","modified_gmt":"2026-02-12T15:17:32","slug":"services-alimentaires","status":"publish","type":"page","link":"https:\/\/www.cabvwi.org\/fr\/services-alimentaires\/","title":{"rendered":"Services alimentaires"},"content":{"rendered":"\n<div class=\"wp-block-group has-raft-bg-background-color has-background is-layout-constrained wp-container-core-group-is-layout-edf05be3 wp-block-group-is-layout-constrained\" style=\"margin-top:0;margin-bottom:0;padding-top:0;padding-right:0;padding-bottom:25px;padding-left:0\">\n<div class=\"wp-block-group is-content-justification-center is-nowrap is-layout-flex wp-container-core-group-is-layout-16aa3971 wp-block-group-is-layout-flex\" style=\"margin-top:0;margin-bottom:0;padding-top:0;padding-bottom:0\"><\/div>\n\n\n\n<h1 class=\"wp-block-heading has-light-green-cyan-color has-text-color has-link-color wp-elements-edff2654068ce54923f0223b4f8c469a\">La Popote roulante &#8211; Repas chauds<\/h1>\n\n\n\n<p class=\"has-raft-fg-alt-background-color has-background\" style=\"padding-bottom:var(--wp--preset--spacing--30)\">La Popote roulante est un programme g\u00e9r\u00e9 par des b\u00e9n\u00e9voles qui livrent des repas chauds et nutritifs aux personnes \u00e2g\u00e9es \u00e0 mobilit\u00e9 r\u00e9duite et qui habitent seules \u00e0 la maison. Une r\u00e9f\u00e9rence m\u00e9dicale ou sociale est n\u00e9cessaire pour acc\u00e9der \u00e0 ce service. Le programme de la Popote roulante de l\u2019Ouest-de-l\u2019\u00cele a d\u00e9but\u00e9 en 1969, dans la cuisine d\u2019une \u00e9glise de Lachine. Aujourd\u2019hui, plus de 600 b\u00e9n\u00e9voles acheteurs, cuisiniers et chauffeurs travaillent dans 9 cuisines de Popote roulante \u00e0 travers l\u2019Ouest-de-l\u2019\u00cele. Les b\u00e9n\u00e9voles proviennent de tous les milieux et on y retrouve des travailleurs retrait\u00e9s, des professionnels, des femmes au foyer, des professeurs, des entrepreneurs, des \u00e9tudiants et bien d\u2019autres. Leurs efforts permettent \u00e0 pr\u00e8s de 200 personnes vuln\u00e9rables r\u00e9f\u00e9r\u00e9es par les h\u00f4pitaux, les CLSC, et les centres de r\u00e9adaptation, d\u2019avoir acc\u00e8s aux repas chauds deux fois par semaine \u00e0 un prix raisonnable.<br><br>Les repas sont compos\u00e9s d\u2019un plat principal \u00e9quilibr\u00e9 et d\u2019un dessert. Ce sont des repas fra\u00eechement cuisin\u00e9s, chauds, faits maison et pr\u00e9par\u00e9s par des b\u00e9n\u00e9voles qui y ajoutent un ingr\u00e9dient secret: leur amour.<br><br>Pour plus d\u2019informations, veuillez communiquer avec nous \u00e0 <strong><a href=\"mailto:vo@volunteerwestisland.org\" target=\"_blank\" rel=\"noreferrer noopener\">vo@volunteerwestisland.org<\/a><\/strong> ou au <strong>(514) 457-5445 poste 225.<\/strong><\/p>\n\n\n\n<figure class=\"wp-block-image aligncenter size-full is-resized has-custom-border is-style-default\"><img loading=\"lazy\" decoding=\"async\" width=\"1650\" height=\"325\" src=\"http:\/\/www.cabvwi.org\/wp-content\/uploads\/2023\/11\/MOW-Logo.png\" alt=\"\" class=\"wp-image-484\" style=\"border-style:none;border-width:0px;border-radius:25px;object-fit:contain;width:500px;height:100px\" srcset=\"https:\/\/www.cabvwi.org\/wp-content\/uploads\/2023\/11\/MOW-Logo.png 1650w, https:\/\/www.cabvwi.org\/wp-content\/uploads\/2023\/11\/MOW-Logo-300x59.png 300w, https:\/\/www.cabvwi.org\/wp-content\/uploads\/2023\/11\/MOW-Logo-1024x202.png 1024w, https:\/\/www.cabvwi.org\/wp-content\/uploads\/2023\/11\/MOW-Logo-768x151.png 768w, https:\/\/www.cabvwi.org\/wp-content\/uploads\/2023\/11\/MOW-Logo-1536x303.png 1536w\" sizes=\"auto, (max-width: 1650px) 100vw, 1650px\" \/><\/figure>\n\n\n\n<div class=\"wp-block-columns is-layout-flex wp-container-core-columns-is-layout-28f84493 wp-block-columns-is-layout-flex\">\n<div class=\"wp-block-column is-layout-flow wp-block-column-is-layout-flow\" style=\"flex-basis:25%\">\n<figure class=\"wp-block-image aligncenter size-full is-resized has-custom-border\"><img loading=\"lazy\" decoding=\"async\" width=\"4000\" height=\"6000\" src=\"https:\/\/www.cabvwi.org\/wp-content\/uploads\/2024\/10\/253B4D8F-20A4-40F3-B149-57E864C45D86_1_201_a.jpeg\" alt=\"\" class=\"wp-image-1489\" style=\"border-radius:25px;width:237px;height:auto\"\/><\/figure>\n<\/div>\n\n\n\n<div class=\"wp-block-column is-layout-flow wp-block-column-is-layout-flow\" style=\"flex-basis:50%\">\n<figure class=\"wp-block-image aligncenter size-full is-resized has-custom-border\"><img loading=\"lazy\" decoding=\"async\" width=\"1086\" height=\"724\" src=\"https:\/\/www.cabvwi.org\/wp-content\/uploads\/2024\/10\/FC72CD88-1E62-4864-8157-3663F1F521CE_1_105_c.jpeg\" alt=\"\" class=\"wp-image-1502\" style=\"border-radius:25px;width:531px;height:auto\"\/><\/figure>\n<\/div>\n\n\n\n<div class=\"wp-block-column is-layout-flow wp-block-column-is-layout-flow\" style=\"flex-basis:25%\">\n<figure class=\"wp-block-image aligncenter size-full is-resized has-custom-border is-style-default\"><img loading=\"lazy\" decoding=\"async\" width=\"724\" height=\"1086\" src=\"https:\/\/www.cabvwi.org\/wp-content\/uploads\/2024\/10\/76F7C8B7-2FA8-4304-B4FB-46D0FBFF3627_1_105_c.jpg\" alt=\"\" class=\"wp-image-1491\" style=\"border-radius:25px;width:237px;height:auto\"\/><\/figure>\n<\/div>\n<\/div>\n<\/div>\n\n\n\n<div class=\"wp-block-group has-raft-bg-background-color has-background is-layout-constrained wp-container-core-group-is-layout-edf05be3 wp-block-group-is-layout-constrained\" style=\"margin-top:0;margin-bottom:0;padding-top:0;padding-right:0;padding-bottom:25px;padding-left:0\">\n<h1 class=\"wp-block-heading has-light-green-cyan-color has-text-color has-link-color wp-elements-7b349d7954b3e28b16e84b3d37b3e887\">Cuisines<\/h1>\n\n\n\n<div class=\"wp-block-columns is-layout-flex wp-container-core-columns-is-layout-28f84493 wp-block-columns-is-layout-flex\">\n<div class=\"wp-block-column has-raft-bg-background-color has-background is-layout-flow wp-block-column-is-layout-flow\" style=\"padding-top:var(--wp--preset--spacing--20);padding-right:0;padding-bottom:var(--wp--preset--spacing--20);padding-left:0;flex-basis:60%\">\n<ul class=\"wp-block-list has-normal-font-size\">\n<li class=\"has-normal-font-size\"><strong>Lachine Ouest <\/strong>\u2013 Summerlea United Church<\/li>\n\n\n\n<li class=\"has-normal-font-size\"><strong>Cedar Park (Pointe-Claire)<\/strong> \u2013 Cedar Park United Church<\/li>\n\n\n\n<li class=\"has-normal-font-size\"><strong>Dorval Sud<\/strong> \u2013 Centre Sarto-Desnoyers<\/li>\n\n\n\n<li class=\"has-normal-font-size\"><strong>Beaconsfield<\/strong> \u2013 Beaurepaire United Church<\/li>\n\n\n\n<li class=\"has-normal-font-size\"><strong>Saints-Anges<\/strong> \u2013 \u00c9glise Saints-Anges-Gardiens<\/li>\n\n\n\n<li class=\"has-normal-font-size\"><strong>Sainte-Anne-de-Bellevue <\/strong>&#8211; St Georges Anglican Church<\/li>\n\n\n\n<li class=\"has-normal-font-size\"><strong>Pointe-Claire Nord<\/strong> \u2013 Lakeshore Trinity United Church<\/li>\n\n\n\n<li class=\"has-normal-font-size\"><strong>Saint Charles<\/strong> &#8211; Saint Michael and All Angels Church<\/li>\n\n\n\n<li class=\"has-normal-font-size\"><strong>Roxboro<\/strong> \u2013 Roxboro United Church<\/li>\n\n\n\n<li><strong>CUISINE CENTRALE:<\/strong> Une nouvelle cuisine de la Popote roulante est maintenant ouvert \u00e0 <strong>Dollard-des-Ormeaux<\/strong> afin de pouvoir fournir des repas chauds \u00e0 certains des nombreux secteurs de l&rsquo;Ouest de l&rsquo;\u00eele qui ne sont pas actuellement servis par une cuisine. &#8211; 72D&nbsp;Brunswick Blvd, DDO, H9B 2C5<\/li>\n<\/ul>\n<\/div>\n\n\n\n<div class=\"wp-block-column is-layout-flow wp-block-column-is-layout-flow\" style=\"padding-right:var(--wp--preset--spacing--20);padding-left:var(--wp--preset--spacing--20)\">\n<figure class=\"wp-block-image aligncenter size-full is-resized has-custom-border is-style-default\"><img loading=\"lazy\" decoding=\"async\" width=\"4000\" height=\"6000\" src=\"https:\/\/www.cabvwi.org\/wp-content\/uploads\/2024\/10\/C912EDAC-9C8D-4708-8D79-173B885033B2_1_201_a.jpeg\" alt=\"\" class=\"wp-image-1407\" style=\"border-style:none;border-width:0px;border-radius:25px;object-fit:cover;width:249px;height:auto\"\/><\/figure>\n<\/div>\n<\/div>\n<\/div>\n\n\n\n<div class=\"wp-block-group is-layout-constrained wp-container-core-group-is-layout-4d9d7b1d wp-block-group-is-layout-constrained\" style=\"padding-bottom:20px\">\n<div class=\"wp-block-columns is-layout-flex wp-container-core-columns-is-layout-28f84493 wp-block-columns-is-layout-flex\">\n<div class=\"wp-block-column is-vertically-aligned-center is-layout-flow wp-block-column-is-layout-flow\" style=\"flex-basis:65%\">\n<div class=\"wp-block-buttons is-content-justification-left is-layout-flex wp-container-core-buttons-is-layout-fc4fd283 wp-block-buttons-is-layout-flex\">\n<div class=\"wp-block-button has-custom-width wp-block-button__width-75 is-style-fill\"><a class=\"wp-block-button__link has-raft-fg-alt-color has-text-color has-background has-link-color has-medium-font-size has-text-align-center has-custom-font-size wp-element-button\" href=\"https:\/\/www.dropbox.com\/scl\/fi\/lmze4bf3yrh3ynduwio6i\/CK_Communiqu-de-presse.pdf?rlkey=m7zkjcas72c2guil07ohnmuwt&amp;st=bh8d882l&amp;dl=0\" style=\"border-style:none;border-width:0px;border-radius:0px;background-color:#ffa74b;padding-top:var(--wp--preset--spacing--20);padding-right:0;padding-bottom:var(--wp--preset--spacing--20);padding-left:0\" target=\"_blank\" rel=\"noreferrer noopener\">MAINTENANT OUVERT<\/a><\/div>\n\n\n\n<div class=\"wp-block-button has-custom-width wp-block-button__width-75 is-style-fill\"><a class=\"wp-block-button__link has-raft-fg-alt-color has-text-color has-background has-link-color has-medium-font-size has-text-align-center has-custom-font-size wp-element-button\" style=\"border-style:none;border-width:0px;border-radius:0px;background-color:#ffa74b;padding-top:var(--wp--preset--spacing--20);padding-right:0;padding-bottom:var(--wp--preset--spacing--20);padding-left:0\">Cuisine centrale sur l&rsquo;Ouest-de-l&rsquo;\u00eele<\/a><\/div>\n<\/div>\n<\/div>\n\n\n\n<div class=\"wp-block-column is-vertically-aligned-center is-layout-flow wp-block-column-is-layout-flow\" style=\"padding-top:0;padding-right:0;padding-bottom:0;padding-left:0;flex-basis:35%\">\n<figure class=\"wp-block-image aligncenter size-full is-resized has-custom-border\"><img loading=\"lazy\" decoding=\"async\" width=\"2504\" height=\"1486\" src=\"https:\/\/www.cabvwi.org\/wp-content\/uploads\/2026\/02\/POP_Principal-couleur-1.png\" alt=\"\" class=\"wp-image-2059\" style=\"border-style:none;border-width:0px;width:380px\"\/><\/figure>\n<\/div>\n<\/div>\n<\/div>\n\n\n\n<div class=\"wp-block-group has-raft-bg-background-color has-background is-layout-constrained wp-container-core-group-is-layout-edf05be3 wp-block-group-is-layout-constrained\" style=\"margin-top:0;margin-bottom:0;padding-top:0;padding-right:0;padding-bottom:25px;padding-left:0\">\n<h1 class=\"wp-block-heading has-light-green-cyan-color has-text-color has-link-color wp-elements-0d1b60c9bbf4b2c311e8ae4289c725ad\">La Popote roulante &#8211; Repas surgel\u00e9s<\/h1>\n\n\n\n<p class=\"has-raft-fg-alt-background-color has-background\">Nous offrons un service de livraison de repas congel\u00e9s aux personnes \u00e2g\u00e9es isol\u00e9es ou confin\u00e9es \u00e0 la maison ainsi qu\u2019aux personnes en perte d&rsquo;autonomie dans l&rsquo;Ouest-de-l&rsquo;\u00cele. Une r\u00e9f\u00e9rence m\u00e9dicale ou sociale est n\u00e9cessaire pour acc\u00e9der \u00e0 ce service. Le menu comprend une vaste s\u00e9lection d&rsquo;aliments faits maison, y compris des repas faibles en sodium et en gras, ainsi qu&rsquo;une vari\u00e9t\u00e9 de soupes et de desserts. Les aliments surgel\u00e9s sont livr\u00e9s par des b\u00e9n\u00e9voles merveilleux au visage amical et affichant un beau sourire.<br><br>Les prix varient entre <strong>6 $ \u00e0 10 $<\/strong> pour <strong>les repas<\/strong> et ils sont de <strong>4 $<\/strong> pour <strong>les<\/strong> <strong>soupes et les desserts<\/strong>. Le minimum de repas \u00e0 commander est de<strong> 5<\/strong> et le maximum est de <strong>15. Des<\/strong> <strong>frais administratifs de 5 $<\/strong> s&rsquo;appliquent \u00e0 chaque commande inscrite pour livraison.<br>*Les prix peuvent varier.*<br><br><strong>Comment puis-je commander des repas congel\u00e9s ?<\/strong><br>Notre fournisseur de repas surgel\u00e9s, l\u2019organisme <a href=\"https:\/\/www.equipeentreprise.org\/\"><strong>\u00c9quipe Entreprise<\/strong><\/a>, <br>est ouvert au public. Il est \u00e9galement possible de commander des aliments surgel\u00e9s directement avec eux pour le m\u00eame prix et sans r\u00e9f\u00e9rence m\u00e9dicale ou sociale. Toutes les commandes doivent \u00eatre ramass\u00e9es en personne, car ils n&rsquo;offrent pas de service de livraison. Si les clients ne sont pas en mesure d&rsquo;aller chercher eux-m\u00eames leur commande, un membre de leur famille ou un ami peut le faire pour eux et se procurer des repas surgel\u00e9s par la m\u00eame occasion.<br><br>Pour donner votre commande \u00e0 \u00c9quipe Entreprise, t\u00e9l\u00e9phonez au <strong>(514) 636-1081<\/strong> ou envoyez un courriel \u00e0 <strong><a href=\"mailto:info@equipeentreprise.org\">info@equipeentreprise.org<\/a>.<br>L&rsquo;addresse d&rsquo;\u00c9quipe Entreprise<\/strong> : 1375 Rte Transcanadienne, Dorval, Qu\u00e9bec, H9P 2W8<br><br>Pour les questions relatives \u00e0 la livraison des repas ou pour plus d\u2019informations, veuillez communiquer avec nous \u00e0 <strong><a href=\"mailto:vo@volunteerwestisland.org\" target=\"_blank\" rel=\"noreferrer noopener\">vo@volunteerwestisland.org<\/a><\/strong> ou au <strong>(514) 457-5445 poste 225.<\/strong><\/p>\n\n\n\n<div class=\"wp-block-buttons is-content-justification-center is-layout-flex wp-container-core-buttons-is-layout-d8c0be80 wp-block-buttons-is-layout-flex\" style=\"margin-top:var(--wp--preset--spacing--40)\">\n<div class=\"wp-block-button has-custom-width wp-block-button__width-50 is-style-fill\"><a class=\"wp-block-button__link has-raft-fg-alt-color has-light-green-cyan-background-color has-text-color has-background has-link-color has-large-font-size has-text-align-center has-custom-font-size wp-element-button\" href=\"https:\/\/www.dropbox.com\/scl\/fi\/srlqqipoyq477yzf89afu\/05.2025-Frozen-MENU-Surgel.pdf?rlkey=ei4wxz6ob28ow3gcicdu8nni7&amp;st=vypoqcsf&amp;dl=0\" style=\"border-style:none;border-width:0px;border-radius:25px;padding-top:var(--wp--preset--spacing--20);padding-right:0;padding-bottom:var(--wp--preset--spacing--20);padding-left:0\">Menu des repas surgel\u00e9es<\/a><\/div>\n<\/div>\n<\/div>\n\n\n\n<div class=\"wp-block-group has-raft-bg-background-color has-background is-layout-constrained wp-container-core-group-is-layout-edf05be3 wp-block-group-is-layout-constrained\" style=\"margin-top:0;margin-bottom:0;padding-top:0;padding-right:0;padding-bottom:25px;padding-left:0\">\n<div class=\"wp-block-columns is-layout-flex wp-container-core-columns-is-layout-28f84493 wp-block-columns-is-layout-flex\">\n<div class=\"wp-block-column is-vertically-aligned-center is-layout-flow wp-container-core-column-is-layout-5f427302 wp-block-column-is-layout-flow\" style=\"border-style:none;border-width:0px;padding-right:0%;padding-left:10%;flex-basis:66.67%\">\n<figure class=\"wp-block-image size-full is-resized has-custom-border is-style-default\"><img loading=\"lazy\" decoding=\"async\" width=\"2560\" height=\"1707\" src=\"http:\/\/www.cabvwi.org\/wp-content\/uploads\/2023\/11\/MOW-Frozen-Meals-1-scaled.jpg\" alt=\"\" class=\"wp-image-493\" style=\"border-style:none;border-width:0px;border-radius:25px;aspect-ratio:16\/9;object-fit:cover;width:auto;height:275px\" srcset=\"https:\/\/www.cabvwi.org\/wp-content\/uploads\/2023\/11\/MOW-Frozen-Meals-1-scaled.jpg 2560w, https:\/\/www.cabvwi.org\/wp-content\/uploads\/2023\/11\/MOW-Frozen-Meals-1-300x200.jpg 300w, https:\/\/www.cabvwi.org\/wp-content\/uploads\/2023\/11\/MOW-Frozen-Meals-1-1024x683.jpg 1024w, https:\/\/www.cabvwi.org\/wp-content\/uploads\/2023\/11\/MOW-Frozen-Meals-1-768x512.jpg 768w, https:\/\/www.cabvwi.org\/wp-content\/uploads\/2023\/11\/MOW-Frozen-Meals-1-1536x1024.jpg 1536w, https:\/\/www.cabvwi.org\/wp-content\/uploads\/2023\/11\/MOW-Frozen-Meals-1-2048x1365.jpg 2048w\" sizes=\"auto, (max-width: 2560px) 100vw, 2560px\" \/><\/figure>\n<\/div>\n\n\n\n<div class=\"wp-block-column is-vertically-aligned-center is-layout-flow wp-block-column-is-layout-flow\" style=\"padding-right:var(--wp--preset--spacing--30);padding-left:var(--wp--preset--spacing--30);flex-basis:66.67%\">\n<figure class=\"wp-block-image aligncenter size-full is-resized has-custom-border\"><img loading=\"lazy\" decoding=\"async\" width=\"6000\" height=\"4000\" src=\"https:\/\/www.cabvwi.org\/wp-content\/uploads\/2024\/10\/59C99616-FBD2-4C61-AF28-103D43F3F243_1_201_a.jpeg\" alt=\"\" class=\"wp-image-1494\" style=\"border-radius:25px;width:416px;height:auto\"\/><\/figure>\n<\/div>\n<\/div>\n<\/div>\n\n\n\n<div class=\"wp-block-buttons is-content-justification-center is-layout-flex wp-container-core-buttons-is-layout-a89b3969 wp-block-buttons-is-layout-flex\">\n<div class=\"wp-block-button has-custom-width wp-block-button__width-50 is-style-fill\"><a class=\"wp-block-button__link has-raft-fg-alt-color has-light-green-cyan-background-color has-text-color has-background has-link-color has-large-font-size has-text-align-center has-custom-font-size wp-element-button\" href=\"http:\/\/www.cabvwi.org\/fr\/inscription-benevoles\/\" style=\"border-style:none;border-width:0px;border-radius:25px;padding-top:var(--wp--preset--spacing--20);padding-right:0;padding-bottom:var(--wp--preset--spacing--20);padding-left:0\">Je veux \u00eatre b\u00e9n\u00e9vole<\/a><\/div>\n<\/div>\n\n\n\n<div class=\"wp-block-group has-raft-bg-background-color has-background is-layout-constrained wp-container-core-group-is-layout-a07aa49d wp-block-group-is-layout-constrained\" style=\"margin-top:0;margin-bottom:0;padding-top:0;padding-right:0;padding-bottom:0px;padding-left:0\">\n<div class=\"wp-block-columns is-layout-flex wp-container-core-columns-is-layout-28f84493 wp-block-columns-is-layout-flex\">\n<div class=\"wp-block-column is-layout-flow wp-block-column-is-layout-flow\"><\/div>\n<\/div>\n\n\n\n<h2 class=\"wp-block-heading has-raft-fg-alt-color has-text-color has-link-color wp-elements-a512141ef201e13223497449afd71252\">Formulaire de r\u00e9f\u00e9rence<\/h2>\n\n\n\n<p class=\"has-raft-fg-alt-background-color has-background\">Pour acc\u00e9der \u00e0 nos services, une r\u00e9f\u00e9rence m\u00e9dicale ou sociale est n\u00e9cessaire alors de communiquer aupr\u00e8s d\u2019un CLSC ou d&rsquo;un autre repr\u00e9sentant de la sant\u00e9 et\/ou du communautaire. ?<br><br>Pour plus d&rsquo;informations, veuillez communiquer avec nous \u00e0 <strong><a href=\"mailto:vo@volunteerwestisland.org\" target=\"_blank\" rel=\"noreferrer noopener\">vo@volunteerwestisland.org<\/a><\/strong> ou au <strong>(514) 457-5445 poste 225.<\/strong><\/p>\n\n\n\n<div class=\"wp-block-buttons is-content-justification-center is-layout-flex wp-container-core-buttons-is-layout-84dfb3a3 wp-block-buttons-is-layout-flex\" style=\"margin-top:var(--wp--preset--spacing--50);margin-bottom:var(--wp--preset--spacing--50)\">\n<div class=\"wp-block-button has-custom-width wp-block-button__width-50 is-style-fill\"><a class=\"wp-block-button__link has-raft-fg-alt-color has-light-green-cyan-background-color has-text-color has-background has-link-color has-large-font-size has-text-align-center has-custom-font-size wp-element-button\" href=\"https:\/\/www.dropbox.com\/scl\/fo\/mlngnumcscxsekimon5oa\/ANLimF468fLrcxzsdJTqIno?rlkey=ujwyne4tp0jp53kkpvk4bi3o5&amp;st=wqtj4hmc&amp;dl=0\" style=\"border-style:none;border-width:0px;border-radius:50px;padding-top:var(--wp--preset--spacing--20);padding-right:var(--wp--preset--spacing--30);padding-bottom:var(--wp--preset--spacing--20);padding-left:var(--wp--preset--spacing--30)\">Formulaire de r\u00e9f\u00e9rence pour<br>professionel de la sant\u00e9<\/a><\/div>\n<\/div>\n<\/div>\n\n\n\n<figure class=\"wp-block-image aligncenter size-full is-resized\"><img loading=\"lazy\" decoding=\"async\" width=\"1560\" height=\"434\" src=\"https:\/\/www.cabvwi.org\/wp-content\/uploads\/2025\/11\/Funded-by_with_Wordmark_CanadaAWHI-FR.png\" alt=\"\" class=\"wp-image-1990\" style=\"width:740px;height:auto\"\/><\/figure>\n","protected":false},"excerpt":{"rendered":"<p>La Popote roulante &#8211; Repas chauds La Popote roulante est un programme g\u00e9r\u00e9 par des b\u00e9n\u00e9voles qui livrent des repas chauds et nutritifs aux personnes \u00e2g\u00e9es \u00e0 mobilit\u00e9 r\u00e9duite et qui habitent seules \u00e0 la maison. Une r\u00e9f\u00e9rence m\u00e9dicale ou sociale est n\u00e9cessaire pour acc\u00e9der \u00e0 ce service. Le programme de la Popote roulante de [&hellip;]<\/p>\n","protected":false},"author":1,"featured_media":0,"parent":0,"menu_order":0,"comment_status":"closed","ping_status":"closed","template":"","meta":{"_themeisle_gutenberg_block_has_review":false,"footnotes":""},"class_list":["post-1141","page","type-page","status-publish","hentry"],"_links":{"self":[{"href":"https:\/\/www.cabvwi.org\/fr\/wp-json\/wp\/v2\/pages\/1141","targetHints":{"allow":["GET"]}}],"collection":[{"href":"https:\/\/www.cabvwi.org\/fr\/wp-json\/wp\/v2\/pages"}],"about":[{"href":"https:\/\/www.cabvwi.org\/fr\/wp-json\/wp\/v2\/types\/page"}],"author":[{"embeddable":true,"href":"https:\/\/www.cabvwi.org\/fr\/wp-json\/wp\/v2\/users\/1"}],"replies":[{"embeddable":true,"href":"https:\/\/www.cabvwi.org\/fr\/wp-json\/wp\/v2\/comments?post=1141"}],"version-history":[{"count":24,"href":"https:\/\/www.cabvwi.org\/fr\/wp-json\/wp\/v2\/pages\/1141\/revisions"}],"predecessor-version":[{"id":2061,"href":"https:\/\/www.cabvwi.org\/fr\/wp-json\/wp\/v2\/pages\/1141\/revisions\/2061"}],"wp:attachment":[{"href":"https:\/\/www.cabvwi.org\/fr\/wp-json\/wp\/v2\/media?parent=1141"}],"curies":[{"name":"wp","href":"https:\/\/api.w.org\/{rel}","templated":true}]}}