{"id":1139,"date":"2023-11-21T15:48:49","date_gmt":"2023-11-21T20:48:49","guid":{"rendered":"http:\/\/www.cabvwi.org\/services\/"},"modified":"2024-11-13T10:33:03","modified_gmt":"2024-11-13T15:33:03","slug":"services","status":"publish","type":"page","link":"https:\/\/www.cabvwi.org\/fr\/services\/","title":{"rendered":"Services"},"content":{"rendered":"\n<div class=\"wp-block-group has-raft-bg-background-color has-background is-layout-constrained wp-container-core-group-is-layout-edf05be3 wp-block-group-is-layout-constrained\" style=\"margin-top:0;margin-bottom:0;padding-top:0;padding-right:0;padding-bottom:25px;padding-left:0\">\n<h1 class=\"wp-block-heading has-light-green-cyan-color has-text-color has-link-color wp-elements-d4c355179a5a170bd0f301c79d4b33d3\">Services<\/h1>\n\n\n\n<div class=\"wp-block-columns is-layout-flex wp-container-core-columns-is-layout-28f84493 wp-block-columns-is-layout-flex\">\n<div class=\"wp-block-column has-raft-bg-background-color has-background is-layout-flow wp-block-column-is-layout-flow\" style=\"border-style:none;border-width:0px;padding-top:var(--wp--preset--spacing--50);padding-right:var(--wp--preset--spacing--80);padding-bottom:var(--wp--preset--spacing--50);padding-left:var(--wp--preset--spacing--70);flex-basis:65%\">\n<div id=\"wp-block-themeisle-blocks-advanced-columns-6e65acfb\" class=\"wp-block-themeisle-blocks-advanced-columns alignfull has-1-columns has-desktop-twoOne-layout has-tablet-equal-layout has-mobile-collapsedRows-layout has-vertical-top ticss-c00aadba has-light-bg\"><div class=\"wp-block-themeisle-blocks-advanced-columns-overlay\"><\/div><div class=\"innerblocks-wrap\">\n<div id=\"wp-block-themeisle-blocks-advanced-column-f4333eeb\" class=\"wp-block-themeisle-blocks-advanced-column\">\n<div class=\"wp-block-columns is-not-stacked-on-mobile is-layout-flex wp-container-core-columns-is-layout-536d4fa3 wp-block-columns-is-layout-flex\" style=\"margin-top:0;margin-bottom:0;padding-bottom:0\">\n<div class=\"wp-block-column is-vertically-aligned-center is-layout-flow wp-block-column-is-layout-flow\" style=\"padding-right:0;padding-left:0;flex-basis:20%\">\n<figure class=\"wp-block-image aligncenter size-full is-resized\"><img loading=\"lazy\" decoding=\"async\" width=\"512\" height=\"512\" src=\"http:\/\/www.cabvwi.org\/wp-content\/uploads\/2023\/11\/Food-Services.png\" alt=\"\" class=\"wp-image-733\" style=\"width:60px\" srcset=\"https:\/\/www.cabvwi.org\/wp-content\/uploads\/2023\/11\/Food-Services.png 512w, https:\/\/www.cabvwi.org\/wp-content\/uploads\/2023\/11\/Food-Services-300x300.png 300w, https:\/\/www.cabvwi.org\/wp-content\/uploads\/2023\/11\/Food-Services-150x150.png 150w\" sizes=\"auto, (max-width: 512px) 100vw, 512px\" \/><\/figure>\n<\/div>\n\n\n\n<div class=\"wp-block-column is-vertically-aligned-center is-layout-flow wp-block-column-is-layout-flow\" style=\"padding-top:0;padding-right:0;padding-bottom:0;padding-left:0;flex-basis:66.66%\">\n<h3 class=\"wp-block-heading has-raft-accent-color has-text-color has-link-color has-large-font-size wp-elements-be6124e0e33197f4022a52fb47144661\" style=\"font-style:normal;font-weight:300;text-transform:capitalize\"><a href=\"http:\/\/www.cabvwi.org\/fr\/services-alimentaires\/\" data-type=\"page\" data-id=\"482\"><strong>Services alimentaires<\/strong><\/a><\/h3>\n<\/div>\n<\/div>\n\n\n\n<div class=\"wp-block-columns is-not-stacked-on-mobile is-layout-flex wp-container-core-columns-is-layout-88cf8676 wp-block-columns-is-layout-flex\" style=\"margin-top:5px;margin-bottom:5px;padding-bottom:0\">\n<div class=\"wp-block-column is-vertically-aligned-center is-layout-flow wp-block-column-is-layout-flow\" style=\"flex-basis:20%\">\n<figure class=\"wp-block-image aligncenter size-full is-resized\"><img loading=\"lazy\" decoding=\"async\" width=\"512\" height=\"512\" src=\"http:\/\/www.cabvwi.org\/wp-content\/uploads\/2023\/11\/Community-Activities.png\" alt=\"\" class=\"wp-image-735\" style=\"width:60px\" srcset=\"https:\/\/www.cabvwi.org\/wp-content\/uploads\/2023\/11\/Community-Activities.png 512w, https:\/\/www.cabvwi.org\/wp-content\/uploads\/2023\/11\/Community-Activities-300x300.png 300w, https:\/\/www.cabvwi.org\/wp-content\/uploads\/2023\/11\/Community-Activities-150x150.png 150w\" sizes=\"auto, (max-width: 512px) 100vw, 512px\" \/><\/figure>\n<\/div>\n\n\n\n<div class=\"wp-block-column is-vertically-aligned-center is-layout-flow wp-block-column-is-layout-flow\" style=\"flex-basis:66.66%\">\n<h3 class=\"wp-block-heading has-raft-accent-color has-text-color has-link-color has-large-font-size wp-elements-6e3148197bc9af86c91ca004185f794d\" style=\"font-style:normal;font-weight:300\"><a href=\"http:\/\/www.cabvwi.org\/fr\/activites-communautaires\/\" data-type=\"page\" data-id=\"448\"><strong>Activit\u00e9s communautaires<\/strong><\/a><\/h3>\n<\/div>\n<\/div>\n\n\n\n<div class=\"wp-block-columns is-not-stacked-on-mobile is-layout-flex wp-container-core-columns-is-layout-2b0a1724 wp-block-columns-is-layout-flex\" style=\"margin-top:5px;margin-bottom:5px\">\n<div class=\"wp-block-column is-vertically-aligned-center is-layout-flow wp-block-column-is-layout-flow\" style=\"flex-basis:20%\">\n<figure class=\"wp-block-image aligncenter size-full is-resized is-style-default\"><img loading=\"lazy\" decoding=\"async\" width=\"512\" height=\"512\" src=\"http:\/\/www.cabvwi.org\/wp-content\/uploads\/2023\/11\/Other-Support-Services.png\" alt=\"\" class=\"wp-image-737\" style=\"width:60px\" srcset=\"https:\/\/www.cabvwi.org\/wp-content\/uploads\/2023\/11\/Other-Support-Services.png 512w, https:\/\/www.cabvwi.org\/wp-content\/uploads\/2023\/11\/Other-Support-Services-300x300.png 300w, https:\/\/www.cabvwi.org\/wp-content\/uploads\/2023\/11\/Other-Support-Services-150x150.png 150w\" sizes=\"auto, (max-width: 512px) 100vw, 512px\" \/><\/figure>\n<\/div>\n\n\n\n<div class=\"wp-block-column is-vertically-aligned-center is-layout-flow wp-block-column-is-layout-flow\" style=\"flex-basis:66.66%\">\n<h3 class=\"wp-block-heading has-raft-accent-color has-text-color has-link-color has-large-font-size wp-elements-1925d02efe380294793a234f23d394c9\" style=\"font-style:normal;font-weight:300\"><a href=\"http:\/\/www.cabvwi.org\/fr\/autres-services-de-maintien\/\" data-type=\"page\" data-id=\"565\"><strong>Autres services de maintien<\/strong><\/a><\/h3>\n<\/div>\n<\/div>\n\n\n\n<div class=\"wp-block-columns is-not-stacked-on-mobile is-layout-flex wp-container-core-columns-is-layout-f83615a7 wp-block-columns-is-layout-flex\" style=\"margin-top:5px;margin-bottom:5px;padding-top:0;padding-bottom:0\">\n<div class=\"wp-block-column is-vertically-aligned-center is-layout-flow wp-block-column-is-layout-flow\" style=\"flex-basis:20%\">\n<figure class=\"wp-block-image aligncenter is-resized\"><img loading=\"lazy\" decoding=\"async\" width=\"512\" height=\"512\" src=\"http:\/\/www.cabvwi.org\/wp-content\/uploads\/2024\/02\/Support-to-Organisations-Icon.png\" alt=\"\" class=\"wp-image-836\" style=\"width:70px\" srcset=\"https:\/\/www.cabvwi.org\/wp-content\/uploads\/2024\/02\/Support-to-Organisations-Icon.png 512w, https:\/\/www.cabvwi.org\/wp-content\/uploads\/2024\/02\/Support-to-Organisations-Icon-300x300.png 300w, https:\/\/www.cabvwi.org\/wp-content\/uploads\/2024\/02\/Support-to-Organisations-Icon-150x150.png 150w\" sizes=\"auto, (max-width: 512px) 100vw, 512px\" \/><\/figure>\n<\/div>\n\n\n\n<div class=\"wp-block-column is-vertically-aligned-center is-layout-flow wp-block-column-is-layout-flow\" style=\"flex-basis:66.66%\">\n<h3 class=\"wp-block-heading has-raft-accent-color has-text-color has-link-color has-large-font-size wp-elements-f1d286f968eb479e6de24bba92491c9b\" style=\"font-style:normal;font-weight:300\"><a href=\"http:\/\/www.cabvwi.org\/fr\/soutien-aux-organismes\/\" data-type=\"page\" data-id=\"666\"><strong>Soutien aux organismes<\/strong><\/a><\/h3>\n<\/div>\n<\/div>\n<\/div>\n<\/div><\/div>\n<\/div>\n\n\n\n<div class=\"wp-block-column has-raft-bg-background-color has-background is-layout-flow wp-block-column-is-layout-flow\" style=\"padding-top:0;padding-right:var(--wp--preset--spacing--30);padding-bottom:0;padding-left:var(--wp--preset--spacing--60);flex-basis:55%\">\n<div class=\"wp-block-columns is-layout-flex wp-container-core-columns-is-layout-28f84493 wp-block-columns-is-layout-flex\">\n<div class=\"wp-block-column is-vertically-aligned-bottom has-raft-bg-background-color has-background is-layout-flow wp-block-column-is-layout-flow\" style=\"padding-top:90px;padding-right:var(--wp--preset--spacing--20);padding-bottom:0;padding-left:0;flex-basis:50%\">\n<figure class=\"wp-block-image alignleft size-full is-resized has-custom-border is-style-default\"><img loading=\"lazy\" decoding=\"async\" width=\"724\" height=\"1086\" src=\"https:\/\/www.cabvwi.org\/wp-content\/uploads\/2024\/11\/8DB12173-0459-4442-9EB5-A4A70B689316_1_105_c.jpg\" alt=\"\" class=\"wp-image-1633\" style=\"border-style:none;border-width:0px;border-radius:25px;aspect-ratio:0.75;object-fit:cover;width:235px;height:auto\"\/><\/figure>\n<\/div>\n\n\n\n<div class=\"wp-block-column is-vertically-aligned-top has-raft-bg-background-color has-background is-layout-flow wp-block-column-is-layout-flow\" style=\"padding-top:30px;padding-right:var(--wp--preset--spacing--20);padding-bottom:30px;padding-left:var(--wp--preset--spacing--20);flex-basis:50%\">\n<figure class=\"wp-block-image aligncenter size-full is-resized has-custom-border is-style-default\"><img loading=\"lazy\" decoding=\"async\" width=\"4000\" height=\"6000\" src=\"https:\/\/www.cabvwi.org\/wp-content\/uploads\/2024\/11\/DC70D1A0-4D5F-4EAF-BCEC-AA320C9B85B7_1_201_a.jpeg\" alt=\"\" class=\"wp-image-1636\" style=\"border-style:none;border-width:0px;border-radius:25px;aspect-ratio:0.75;object-fit:cover;width:221px;height:auto\"\/><\/figure>\n<\/div>\n<\/div>\n<\/div>\n<\/div>\n<\/div>\n\n\n\n<div class=\"wp-block-group has-raft-bg-background-color has-background is-layout-constrained wp-container-core-group-is-layout-a07aa49d wp-block-group-is-layout-constrained\" style=\"margin-top:0;margin-bottom:0;padding-top:0;padding-right:0;padding-bottom:0px;padding-left:0\">\n<h1 class=\"wp-block-heading has-raft-fg-alt-color has-text-color has-link-color wp-elements-7c271fe60f188a07395b16b048693b58\">Formulaire de r\u00e9f\u00e9rence<\/h1>\n\n\n\n<p class=\"has-raft-fg-alt-background-color has-background\">Pour acc\u00e9der \u00e0 nos services, une r\u00e9f\u00e9rence m\u00e9dicale ou sociale est n\u00e9cessaire alors de communiquer aupr\u00e8s d\u2019un CLSC ou d&rsquo;un autre repr\u00e9sentant de la sant\u00e9 et\/ou du communautaire. ?<br><br>Pour plus d&rsquo;informations, veuillez communiquer avec nous au <strong><a href=\"mailto:info@volunteerwestisland.org\" target=\"_blank\" rel=\"noreferrer noopener\"><mark style=\"background-color:rgba(0, 0, 0, 0);color:#ff6900\" class=\"has-inline-color\">info@volunteerwestisland.org<\/mark><\/a><\/strong>ou <strong>(514) 457-5445 poste 225.<\/strong><\/p>\n\n\n\n<div class=\"wp-block-buttons is-content-justification-center is-layout-flex wp-container-core-buttons-is-layout-84dfb3a3 wp-block-buttons-is-layout-flex\" style=\"margin-top:var(--wp--preset--spacing--50);margin-bottom:var(--wp--preset--spacing--50)\">\n<div class=\"wp-block-button has-custom-width wp-block-button__width-25 has-custom-font-size is-style-fill has-medium-font-size\"><a class=\"wp-block-button__link has-raft-fg-alt-color has-light-green-cyan-background-color has-text-color has-background has-link-color has-text-align-center wp-element-button\" href=\"https:\/\/www.dropbox.com\/scl\/fo\/mlngnumcscxsekimon5oa\/ANLimF468fLrcxzsdJTqIno?rlkey=ujwyne4tp0jp53kkpvk4bi3o5&amp;st=wqtj4hmc&amp;dl=0\" style=\"border-style:none;border-width:0px;border-radius:50px;padding-top:var(--wp--preset--spacing--20);padding-right:var(--wp--preset--spacing--30);padding-bottom:var(--wp--preset--spacing--20);padding-left:var(--wp--preset--spacing--30)\">Formulaire de r\u00e9f\u00e9rence pour<br>professionel de la sant\u00e9<\/a><\/div>\n<\/div>\n<\/div>\n","protected":false},"excerpt":{"rendered":"<p>Services Formulaire de r\u00e9f\u00e9rence Pour acc\u00e9der \u00e0 nos services, une r\u00e9f\u00e9rence m\u00e9dicale ou sociale est n\u00e9cessaire alors de communiquer aupr\u00e8s d\u2019un CLSC ou d&rsquo;un autre repr\u00e9sentant de la sant\u00e9 et\/ou du communautaire. ? Pour plus d&rsquo;informations, veuillez communiquer avec nous au info@volunteerwestisland.orgou (514) 457-5445 poste 225.<\/p>\n","protected":false},"author":1,"featured_media":0,"parent":0,"menu_order":0,"comment_status":"closed","ping_status":"closed","template":"","meta":{"_themeisle_gutenberg_block_has_review":false,"footnotes":""},"class_list":["post-1139","page","type-page","status-publish","hentry"],"_links":{"self":[{"href":"https:\/\/www.cabvwi.org\/fr\/wp-json\/wp\/v2\/pages\/1139","targetHints":{"allow":["GET"]}}],"collection":[{"href":"https:\/\/www.cabvwi.org\/fr\/wp-json\/wp\/v2\/pages"}],"about":[{"href":"https:\/\/www.cabvwi.org\/fr\/wp-json\/wp\/v2\/types\/page"}],"author":[{"embeddable":true,"href":"https:\/\/www.cabvwi.org\/fr\/wp-json\/wp\/v2\/users\/1"}],"replies":[{"embeddable":true,"href":"https:\/\/www.cabvwi.org\/fr\/wp-json\/wp\/v2\/comments?post=1139"}],"version-history":[{"count":9,"href":"https:\/\/www.cabvwi.org\/fr\/wp-json\/wp\/v2\/pages\/1139\/revisions"}],"predecessor-version":[{"id":1638,"href":"https:\/\/www.cabvwi.org\/fr\/wp-json\/wp\/v2\/pages\/1139\/revisions\/1638"}],"wp:attachment":[{"href":"https:\/\/www.cabvwi.org\/fr\/wp-json\/wp\/v2\/media?parent=1139"}],"curies":[{"name":"wp","href":"https:\/\/api.w.org\/{rel}","templated":true}]}}