{"id":1135,"date":"2023-11-19T14:51:56","date_gmt":"2023-11-19T19:51:56","guid":{"rendered":"http:\/\/www.cabvwi.org\/benevolat-de-groupe\/"},"modified":"2025-06-11T11:40:06","modified_gmt":"2025-06-11T15:40:06","slug":"benevolat-de-groupe","status":"publish","type":"page","link":"https:\/\/www.cabvwi.org\/fr\/benevolat-de-groupe\/","title":{"rendered":"B\u00e9n\u00e9volat de groupe"},"content":{"rendered":"\n<div class=\"wp-block-group has-raft-bg-background-color has-background is-layout-constrained wp-container-core-group-is-layout-edf05be3 wp-block-group-is-layout-constrained\" style=\"margin-top:0;margin-bottom:0;padding-top:0;padding-right:0;padding-bottom:25px;padding-left:0\">\n<h1 class=\"wp-block-heading has-light-green-cyan-color has-text-color has-link-color wp-elements-ca3f1dd4f55e37bc8a4937f7e397c4a9\">B\u00e9n\u00e9volat de groupe<\/h1>\n\n\n\n<p class=\"has-raft-fg-alt-background-color has-background\">Le Centre d&rsquo;action b\u00e9n\u00e9vole Ouest-de-l&rsquo;\u00cele est en mesure d&rsquo;offrir un choix d&rsquo;opportunit\u00e9s de b\u00e9n\u00e9volat pour des groupes sp\u00e9cifiques selon leurs int\u00e9r\u00eats. Le CABOI assurera la liaison entre vous et les organismes communautaires qui nous sollicitent et il coordonnera l&rsquo;activit\u00e9 b\u00e9n\u00e9vole. <br><br>Si vous \u00eates en accord nous offrons aussi de publier un communiqu\u00e9 de presse sur nos r\u00e9seaux sociaux pour souligner votre initiative!<br><br>Nous fournissons les ressources et l&rsquo;expertise n\u00e9cessaires afin que votre exp\u00e9rience de b\u00e9n\u00e9volat soit enrichissante. Si votre entreprise ou votre groupe recherche une opportunit\u00e9 de b\u00e9n\u00e9volat, veuillez remplir le formulaire ci-dessous.<\/p>\n\n\n\n<p class=\"has-raft-fg-alt-background-color has-background\">Si vous avez des questions communiquer avec nous \u00e0 <strong><a href=\"mailto:volunteers@volunteerwestisland.org\" target=\"_blank\" rel=\"noreferrer noopener\"><mark style=\"background-color:rgba(0, 0, 0, 0);color:#ff6900\" class=\"has-inline-color\">volunteers@volunteerwestisland.org<\/mark><\/a><\/strong> ou <strong>(514) 457-5445 poste 226.<\/strong><\/p>\n\n\n\n<div class=\"wp-block-buttons is-content-justification-center is-layout-flex wp-container-core-buttons-is-layout-c32b0b4c wp-block-buttons-is-layout-flex\" style=\"margin-top:var(--wp--preset--spacing--40);margin-bottom:var(--wp--preset--spacing--40)\">\n<div class=\"wp-block-button has-custom-width wp-block-button__width-50 is-style-fill\"><a class=\"wp-block-button__link has-raft-fg-alt-color has-light-green-cyan-background-color has-text-color has-background has-link-color has-large-font-size has-text-align-center has-custom-font-size wp-element-button\" href=\"http:\/\/www.cabvwi.org\/fr\/formulaire-de-benevolat-de-groupe\/\" style=\"border-style:none;border-width:0px;border-radius:50px;padding-top:var(--wp--preset--spacing--20);padding-right:0;padding-bottom:var(--wp--preset--spacing--20);padding-left:0\" target=\"_blank\" rel=\"noreferrer noopener\">Cliquez ici pour s&rsquo;inscrire<\/a><\/div>\n<\/div>\n\n\n\n<div class=\"wp-block-columns is-layout-flex wp-container-core-columns-is-layout-28f84493 wp-block-columns-is-layout-flex\">\n<div class=\"wp-block-column has-raft-bg-background-color has-background is-layout-flow wp-block-column-is-layout-flow\" style=\"padding-top:var(--wp--preset--spacing--50);padding-right:var(--wp--preset--spacing--60);padding-bottom:var(--wp--preset--spacing--50);padding-left:var(--wp--preset--spacing--60);flex-basis:50%\">\n<figure class=\"wp-block-image size-full has-custom-border is-style-default\"><img loading=\"lazy\" decoding=\"async\" width=\"1876\" height=\"1017\" src=\"http:\/\/www.cabvwi.org\/wp-content\/uploads\/2023\/11\/Group-Vol-1-1.jpg\" alt=\"\" class=\"wp-image-558\" style=\"border-style:none;border-width:0px;border-radius:25px;aspect-ratio:16\/9;object-fit:cover\" srcset=\"https:\/\/www.cabvwi.org\/wp-content\/uploads\/2023\/11\/Group-Vol-1-1.jpg 1876w, https:\/\/www.cabvwi.org\/wp-content\/uploads\/2023\/11\/Group-Vol-1-1-300x163.jpg 300w, https:\/\/www.cabvwi.org\/wp-content\/uploads\/2023\/11\/Group-Vol-1-1-1024x555.jpg 1024w, https:\/\/www.cabvwi.org\/wp-content\/uploads\/2023\/11\/Group-Vol-1-1-768x416.jpg 768w, https:\/\/www.cabvwi.org\/wp-content\/uploads\/2023\/11\/Group-Vol-1-1-1536x833.jpg 1536w\" sizes=\"auto, (max-width: 1876px) 100vw, 1876px\" \/><\/figure>\n<\/div>\n\n\n\n<div class=\"wp-block-column has-raft-bg-background-color has-background is-layout-flow wp-block-column-is-layout-flow\" style=\"padding-top:var(--wp--preset--spacing--50);padding-right:var(--wp--preset--spacing--60);padding-bottom:var(--wp--preset--spacing--50);padding-left:var(--wp--preset--spacing--60);flex-basis:50%\">\n<figure class=\"wp-block-image size-full has-custom-border is-style-default\"><img loading=\"lazy\" decoding=\"async\" width=\"2100\" height=\"1400\" src=\"http:\/\/www.cabvwi.org\/wp-content\/uploads\/2023\/11\/Group-Vol-2.jpg\" alt=\"\" class=\"wp-image-546\" style=\"border-style:none;border-width:0px;border-radius:25px;aspect-ratio:16\/9;object-fit:cover\" srcset=\"https:\/\/www.cabvwi.org\/wp-content\/uploads\/2023\/11\/Group-Vol-2.jpg 2100w, https:\/\/www.cabvwi.org\/wp-content\/uploads\/2023\/11\/Group-Vol-2-300x200.jpg 300w, https:\/\/www.cabvwi.org\/wp-content\/uploads\/2023\/11\/Group-Vol-2-1024x683.jpg 1024w, https:\/\/www.cabvwi.org\/wp-content\/uploads\/2023\/11\/Group-Vol-2-768x512.jpg 768w, https:\/\/www.cabvwi.org\/wp-content\/uploads\/2023\/11\/Group-Vol-2-1536x1024.jpg 1536w, https:\/\/www.cabvwi.org\/wp-content\/uploads\/2023\/11\/Group-Vol-2-2048x1365.jpg 2048w\" sizes=\"auto, (max-width: 2100px) 100vw, 2100px\" \/><\/figure>\n<\/div>\n<\/div>\n<\/div>\n\n\n\n<div class=\"wp-block-group has-raft-bg-background-color has-background is-layout-constrained wp-container-core-group-is-layout-edf05be3 wp-block-group-is-layout-constrained\" style=\"margin-top:0;margin-bottom:0;padding-top:0;padding-right:0;padding-bottom:25px;padding-left:0\">\n<h1 class=\"wp-block-heading has-light-green-cyan-color has-text-color has-link-color wp-elements-1e1221c908c65bd97978533b5149d846\">Citoyens b\u00e9n\u00e9voles corporatifs<\/h1>\n\n\n\n<div class=\"wp-block-columns is-layout-flex wp-container-core-columns-is-layout-28f84493 wp-block-columns-is-layout-flex\">\n<div class=\"wp-block-column has-raft-bg-background-color has-background is-layout-flow wp-block-column-is-layout-flow\" style=\"padding-top:var(--wp--preset--spacing--20);padding-right:0;padding-bottom:var(--wp--preset--spacing--20);padding-left:0;flex-basis:60%\">\n<p class=\"has-raft-fg-alt-background-color has-background\">De nombreuses entreprises et groupes communautaires mentionnent un \u00e9l\u00e9ment crucial dans leur \u00e9nonc\u00e9 de mission, celui de la responsabilit\u00e9 sociale. L\u2019objectif est de redonner \u00e0 leur communaut\u00e9 en initiant leurs employ\u00e9s \u00e0 des programmes et des activit\u00e9s de b\u00e9n\u00e9volat.<br><br>Le Centre d&rsquo;action b\u00e9n\u00e9vole Ouest-de-l&rsquo;\u00cele a le privil\u00e8ge d&rsquo;avoir un certain nombre de partenaires corporatifs d\u00e9vou\u00e9s qui s\u2019impliquent et contribuent au bien- \u00eatre de la communaut\u00e9.<\/p>\n<\/div>\n\n\n\n<div class=\"wp-block-column has-raft-bg-background-color has-background is-layout-flow wp-block-column-is-layout-flow\" style=\"padding-top:var(--wp--preset--spacing--20);padding-right:var(--wp--preset--spacing--50);padding-bottom:var(--wp--preset--spacing--20);padding-left:var(--wp--preset--spacing--50);flex-basis:40%\">\n<figure class=\"wp-block-image size-full is-resized has-custom-border is-style-default\"><img loading=\"lazy\" decoding=\"async\" width=\"1068\" height=\"1131\" src=\"http:\/\/www.cabvwi.org\/wp-content\/uploads\/2023\/11\/Corp-Citizenship1.jpg\" alt=\"\" class=\"wp-image-552\" style=\"border-style:none;border-width:0px;border-radius:25px;width:auto;height:320px\" srcset=\"https:\/\/www.cabvwi.org\/wp-content\/uploads\/2023\/11\/Corp-Citizenship1.jpg 1068w, https:\/\/www.cabvwi.org\/wp-content\/uploads\/2023\/11\/Corp-Citizenship1-283x300.jpg 283w, https:\/\/www.cabvwi.org\/wp-content\/uploads\/2023\/11\/Corp-Citizenship1-967x1024.jpg 967w, https:\/\/www.cabvwi.org\/wp-content\/uploads\/2023\/11\/Corp-Citizenship1-768x813.jpg 768w\" sizes=\"auto, (max-width: 1068px) 100vw, 1068px\" \/><\/figure>\n<\/div>\n<\/div>\n<\/div>\n\n\n\n<div class=\"wp-block-group has-raft-bg-background-color has-background is-layout-constrained wp-container-core-group-is-layout-edf05be3 wp-block-group-is-layout-constrained\" style=\"margin-top:0;margin-bottom:0;padding-top:0;padding-right:0;padding-bottom:25px;padding-left:0\">\n<h1 class=\"wp-block-heading has-light-green-cyan-color has-text-color has-link-color wp-elements-5057016bea897f3d6905bb4fe711a844\">Comment les groupes b\u00e9n\u00e9ficient<\/h1>\n\n\n\n<p class=\"has-raft-fg-alt-background-color has-background\">Parall\u00e8lement \u00e0 une visibilit\u00e9 accrue de l&rsquo;entreprise dans la communaut\u00e9 et \u00e0 la reconnaissance en tant que bon citoyen corporatif, le travail b\u00e9n\u00e9vole de groupe entra\u00eene une croissance de l&rsquo;esprit d&rsquo;\u00e9quipe, de la satisfaction au travail et de la r\u00e9tention des employ\u00e9s.<br><br>De plus, il y a le fait de savoir que votre entreprise a fait une diff\u00e9rence dans votre communaut\u00e9!<\/p>\n<\/div>\n","protected":false},"excerpt":{"rendered":"<p>B\u00e9n\u00e9volat de groupe Le Centre d&rsquo;action b\u00e9n\u00e9vole Ouest-de-l&rsquo;\u00cele est en mesure d&rsquo;offrir un choix d&rsquo;opportunit\u00e9s de b\u00e9n\u00e9volat pour des groupes sp\u00e9cifiques selon leurs int\u00e9r\u00eats. Le CABOI assurera la liaison entre vous et les organismes communautaires qui nous sollicitent et il coordonnera l&rsquo;activit\u00e9 b\u00e9n\u00e9vole. Si vous \u00eates en accord nous offrons aussi de publier un communiqu\u00e9 [&hellip;]<\/p>\n","protected":false},"author":1,"featured_media":0,"parent":0,"menu_order":0,"comment_status":"closed","ping_status":"closed","template":"","meta":{"_themeisle_gutenberg_block_has_review":false,"footnotes":""},"class_list":["post-1135","page","type-page","status-publish","hentry"],"_links":{"self":[{"href":"https:\/\/www.cabvwi.org\/fr\/wp-json\/wp\/v2\/pages\/1135","targetHints":{"allow":["GET"]}}],"collection":[{"href":"https:\/\/www.cabvwi.org\/fr\/wp-json\/wp\/v2\/pages"}],"about":[{"href":"https:\/\/www.cabvwi.org\/fr\/wp-json\/wp\/v2\/types\/page"}],"author":[{"embeddable":true,"href":"https:\/\/www.cabvwi.org\/fr\/wp-json\/wp\/v2\/users\/1"}],"replies":[{"embeddable":true,"href":"https:\/\/www.cabvwi.org\/fr\/wp-json\/wp\/v2\/comments?post=1135"}],"version-history":[{"count":5,"href":"https:\/\/www.cabvwi.org\/fr\/wp-json\/wp\/v2\/pages\/1135\/revisions"}],"predecessor-version":[{"id":1891,"href":"https:\/\/www.cabvwi.org\/fr\/wp-json\/wp\/v2\/pages\/1135\/revisions\/1891"}],"wp:attachment":[{"href":"https:\/\/www.cabvwi.org\/fr\/wp-json\/wp\/v2\/media?parent=1135"}],"curies":[{"name":"wp","href":"https:\/\/api.w.org\/{rel}","templated":true}]}}