{"id":1131,"date":"2023-11-19T12:19:45","date_gmt":"2023-11-19T17:19:45","guid":{"rendered":"http:\/\/www.cabvwi.org\/activites-communautaires\/"},"modified":"2025-06-11T11:50:08","modified_gmt":"2025-06-11T15:50:08","slug":"activites-communautaires","status":"publish","type":"page","link":"https:\/\/www.cabvwi.org\/fr\/activites-communautaires\/","title":{"rendered":"Activit\u00e9s communautaires"},"content":{"rendered":"\n<div class=\"wp-block-group has-raft-bg-background-color has-background is-layout-constrained wp-container-core-group-is-layout-edf05be3 wp-block-group-is-layout-constrained\" style=\"margin-top:0;margin-bottom:0;padding-top:0;padding-right:0;padding-bottom:25px;padding-left:0\">\n<h1 class=\"wp-block-heading has-light-green-cyan-color has-text-color has-link-color wp-elements-577af9bab595861fb060e44ee05f08fa\">Le club Jeunes de coeur, 55 ans et plus<\/h1>\n\n\n\n<div class=\"wp-block-columns is-layout-flex wp-container-core-columns-is-layout-28f84493 wp-block-columns-is-layout-flex\">\n<div class=\"wp-block-column is-vertically-aligned-center is-layout-flow wp-block-column-is-layout-flow\" style=\"padding-top:0;padding-bottom:0;flex-basis:66.66%\">\n<p class=\"has-raft-fg-alt-background-color has-background\" style=\"padding-top:var(--wp--preset--spacing--30);padding-bottom:var(--wp--preset--spacing--30)\">Le CABOI organise des cours et des activit\u00e9s hebdomadaires con\u00e7us pour engager les a\u00een\u00e9s intellectuellement, culturellement et physiquement. Nous visons \u00e0 aider les personnes \u00e2g\u00e9es \u00e0 profiter des contacts sociaux tout en am\u00e9liorant leur sant\u00e9 physique et mentale.<\/p>\n<\/div>\n\n\n\n<div class=\"wp-block-column is-vertically-aligned-center is-layout-flow wp-block-column-is-layout-flow\" style=\"padding-top:0;padding-right:0;padding-bottom:0;padding-left:0;flex-basis:33.33%\">\n<figure class=\"wp-block-image aligncenter size-full is-resized has-custom-border is-style-default\"><img loading=\"lazy\" decoding=\"async\" width=\"989\" height=\"1280\" src=\"http:\/\/www.cabvwi.org\/wp-content\/uploads\/2023\/11\/Y@H-Logo.png\" alt=\"\" class=\"wp-image-449\" style=\"border-style:none;border-width:0px;border-radius:25px;aspect-ratio:1;object-fit:cover;width:242px;height:auto\" srcset=\"https:\/\/www.cabvwi.org\/wp-content\/uploads\/2023\/11\/Y@H-Logo.png 989w, https:\/\/www.cabvwi.org\/wp-content\/uploads\/2023\/11\/Y@H-Logo-232x300.png 232w, https:\/\/www.cabvwi.org\/wp-content\/uploads\/2023\/11\/Y@H-Logo-791x1024.png 791w, https:\/\/www.cabvwi.org\/wp-content\/uploads\/2023\/11\/Y@H-Logo-768x994.png 768w\" sizes=\"auto, (max-width: 989px) 100vw, 989px\" \/><\/figure>\n<\/div>\n<\/div>\n\n\n\n<div class=\"wp-block-columns is-layout-flex wp-container-core-columns-is-layout-28f84493 wp-block-columns-is-layout-flex\">\n<div class=\"wp-block-column has-raft-bg-background-color has-background is-layout-flow wp-block-column-is-layout-flow\" style=\"padding-top:var(--wp--preset--spacing--50);padding-right:var(--wp--preset--spacing--60);padding-bottom:var(--wp--preset--spacing--50);padding-left:var(--wp--preset--spacing--60);flex-basis:50%\">\n<figure class=\"wp-block-image size-full has-custom-border is-style-default\"><img loading=\"lazy\" decoding=\"async\" width=\"1020\" height=\"680\" src=\"http:\/\/www.cabvwi.org\/wp-content\/uploads\/2024\/02\/Community-Activites-Young-@-Heart-2.jpg\" alt=\"\" class=\"wp-image-868\" style=\"border-style:none;border-width:0px;border-radius:25px;aspect-ratio:16\/9;object-fit:cover\" srcset=\"https:\/\/www.cabvwi.org\/wp-content\/uploads\/2024\/02\/Community-Activites-Young-@-Heart-2.jpg 1020w, https:\/\/www.cabvwi.org\/wp-content\/uploads\/2024\/02\/Community-Activites-Young-@-Heart-2-300x200.jpg 300w, https:\/\/www.cabvwi.org\/wp-content\/uploads\/2024\/02\/Community-Activites-Young-@-Heart-2-768x512.jpg 768w\" sizes=\"auto, (max-width: 1020px) 100vw, 1020px\" \/><\/figure>\n\n\n\n<div class=\"wp-block-buttons is-content-justification-center is-layout-flex wp-container-core-buttons-is-layout-d2eda588 wp-block-buttons-is-layout-flex\" style=\"margin-top:var(--wp--preset--spacing--30);margin-bottom:var(--wp--preset--spacing--30)\">\n<div class=\"wp-block-button has-custom-width wp-block-button__width-75 has-custom-font-size is-style-fill has-medium-font-size\"><a class=\"wp-block-button__link has-raft-fg-alt-color has-light-green-cyan-background-color has-text-color has-background has-link-color has-text-align-center wp-element-button\" href=\"https:\/\/app.amilia.com\/store\/fr\/volunteer-west-island\/shop\/programs\" style=\"border-style:none;border-width:0px;border-radius:50px;padding-top:var(--wp--preset--spacing--20);padding-right:var(--wp--preset--spacing--30);padding-bottom:var(--wp--preset--spacing--20);padding-left:var(--wp--preset--spacing--30)\" target=\"_blank\" rel=\"noreferrer noopener\">Cliquez ici pour devenir membre et<br>voir le r\u00e9pertoire des activit\u00e9s<\/a><\/div>\n<\/div>\n<\/div>\n\n\n\n<div class=\"wp-block-column has-raft-bg-background-color has-background is-layout-flow wp-block-column-is-layout-flow\" style=\"padding-top:var(--wp--preset--spacing--50);padding-right:var(--wp--preset--spacing--60);padding-bottom:var(--wp--preset--spacing--50);padding-left:var(--wp--preset--spacing--60);flex-basis:50%\">\n<figure class=\"wp-block-image size-full has-custom-border is-style-default\"><img loading=\"lazy\" decoding=\"async\" width=\"1250\" height=\"825\" src=\"http:\/\/www.cabvwi.org\/wp-content\/uploads\/2024\/02\/Community-Activities-Young-@-Heart-1.jpg\" alt=\"\" class=\"wp-image-870\" style=\"border-style:none;border-width:0px;border-radius:25px;aspect-ratio:16\/9;object-fit:cover\" srcset=\"https:\/\/www.cabvwi.org\/wp-content\/uploads\/2024\/02\/Community-Activities-Young-@-Heart-1.jpg 1250w, https:\/\/www.cabvwi.org\/wp-content\/uploads\/2024\/02\/Community-Activities-Young-@-Heart-1-300x198.jpg 300w, https:\/\/www.cabvwi.org\/wp-content\/uploads\/2024\/02\/Community-Activities-Young-@-Heart-1-1024x676.jpg 1024w, https:\/\/www.cabvwi.org\/wp-content\/uploads\/2024\/02\/Community-Activities-Young-@-Heart-1-768x507.jpg 768w\" sizes=\"auto, (max-width: 1250px) 100vw, 1250px\" \/><\/figure>\n\n\n\n<div class=\"wp-block-columns is-layout-flex wp-container-core-columns-is-layout-28f84493 wp-block-columns-is-layout-flex\">\n<div class=\"wp-block-column is-layout-flow wp-block-column-is-layout-flow\"><\/div>\n<\/div>\n\n\n\n<div class=\"wp-block-buttons is-content-justification-center is-layout-flex wp-container-core-buttons-is-layout-a89b3969 wp-block-buttons-is-layout-flex\">\n<div class=\"wp-block-button has-custom-width wp-block-button__width-50 has-custom-font-size is-style-fill has-medium-font-size\"><a class=\"wp-block-button__link has-raft-fg-alt-color has-light-green-cyan-background-color has-text-color has-background has-link-color has-text-align-center wp-element-button\" href=\"https:\/\/www.dropbox.com\/s\/kh4edmmga1c1f2i\/Seniors pamplet.pdf?dl=0\" style=\"border-style:none;border-width:0px;border-radius:25px;padding-top:var(--wp--preset--spacing--20);padding-right:0;padding-bottom:var(--wp--preset--spacing--20);padding-left:0\" target=\"_blank\" rel=\"noreferrer noopener\">D\u00e9pliant a\u00een\u00e9s<\/a><\/div>\n<\/div>\n<\/div>\n<\/div>\n<\/div>\n\n\n\n<div class=\"wp-block-group is-layout-constrained wp-container-core-group-is-layout-edf05be3 wp-block-group-is-layout-constrained\" style=\"margin-top:0;margin-bottom:0;padding-top:0;padding-right:0;padding-bottom:25px;padding-left:0\">\n<h1 class=\"wp-block-heading has-light-green-cyan-color has-text-color has-link-color wp-elements-c08d6cab582b02ee3bdfafd527aea96d\" style=\"padding-bottom:var(--wp--preset--spacing--30)\">Le Caf\u00e9 des a\u00een\u00e9s<\/h1>\n\n\n\n<div class=\"wp-block-group is-layout-constrained wp-container-core-group-is-layout-edf05be3 wp-block-group-is-layout-constrained\" style=\"margin-top:0;margin-bottom:0;padding-top:0;padding-right:0;padding-bottom:25px;padding-left:0\">\n<p class=\"has-raft-fg-alt-background-color has-background\">Le Centre d&rsquo;action b\u00e9n\u00e9vole Ouest-de-l&rsquo;\u00eele offre des activit\u00e9s et des ateliers occasionnels qui diff\u00e8rent de la programmation pr\u00e9vue et qui sont ouverts \u00e0 toute personne de 55 ans et plus de la communaut\u00e9 de l&rsquo;Ouest-de-l&rsquo;\u00cele. Ces activit\u00e9s peuvent comprendre de l&rsquo;artisanat, des ateliers \u00e9ducatifs, des s\u00e9ances d&rsquo;information, etc. Les activit\u00e9s sont gratuites pour les membres actifs du club Jeunes de c\u0153ur. Des frais minimes s&rsquo;appliquent pour les non-membres.<br><br>Le Caf\u00e9 des a\u00een\u00e9s a \u00e9t\u00e9 con\u00e7u pour offrir aux personnes de 55 ans et plus un espace accueillant o\u00f9 ils peuvent rencontrer d&rsquo;autres personnes et ressentir un sentiment d&rsquo;appartenance \u00e0 la communaut\u00e9. Les personnes peuvent profiter de la musique, des petites collations et rafra\u00eechissements, d&rsquo;une bonne compagnie et m\u00eame d&rsquo;un peu de danse ! Cet \u00e9v\u00e9nement a lieu quatre fois par an.<\/p>\n<\/div>\n\n\n\n<p><\/p>\n\n\n\n<div class=\"wp-block-group is-layout-constrained wp-container-core-group-is-layout-edf05be3 wp-block-group-is-layout-constrained\" style=\"margin-top:0;margin-bottom:0;padding-top:0;padding-right:0;padding-bottom:25px;padding-left:0\">\n<div class=\"wp-block-columns is-layout-flex wp-container-core-columns-is-layout-28f84493 wp-block-columns-is-layout-flex\">\n<div class=\"wp-block-column is-layout-flow wp-block-column-is-layout-flow\">\n<figure class=\"wp-block-image alignleft size-full is-resized has-custom-border is-style-rounded\"><img loading=\"lazy\" decoding=\"async\" width=\"2150\" height=\"1420\" src=\"https:\/\/www.cabvwi.org\/wp-content\/uploads\/2024\/12\/Screen-Shot-2024-02-19-at-10.38.38-AM.jpg\" alt=\"\" class=\"wp-image-1678\" style=\"border-radius:26px;width:383px;height:auto\"\/><\/figure>\n<\/div>\n\n\n\n<div class=\"wp-block-column is-layout-flow wp-block-column-is-layout-flow\">\n<figure class=\"wp-block-image aligncenter size-full is-resized has-custom-border\"><img loading=\"lazy\" decoding=\"async\" width=\"6000\" height=\"4000\" src=\"https:\/\/www.cabvwi.org\/wp-content\/uploads\/2024\/12\/A0F6EA56-EE27-4C33-98B8-5CFDB72D5BD9_1_201_a.jpeg\" alt=\"\" class=\"wp-image-1682\" style=\"border-radius:26px;width:378px;height:auto\"\/><\/figure>\n<\/div>\n\n\n\n<div class=\"wp-block-column is-layout-flow wp-block-column-is-layout-flow\">\n<figure class=\"wp-block-image alignright size-full is-resized has-custom-border\"><img loading=\"lazy\" decoding=\"async\" width=\"6000\" height=\"4000\" src=\"https:\/\/www.cabvwi.org\/wp-content\/uploads\/2024\/12\/image.jpeg\" alt=\"This image has an empty alt attribute; its file name is 682996FE-0C7E-47F8-A89E-4FB97D773271_1_201_a.jpeg\" class=\"wp-image-1688\" style=\"border-radius:26px;width:380px;height:auto\"\/><\/figure>\n<\/div>\n<\/div>\n<\/div>\n<\/div>\n\n\n\n<p><\/p>\n\n\n\n<div class=\"wp-block-group is-layout-constrained wp-container-core-group-is-layout-edf05be3 wp-block-group-is-layout-constrained\" style=\"margin-top:0;margin-bottom:0;padding-top:0;padding-right:0;padding-bottom:25px;padding-left:0\">\n<h1 class=\"wp-block-heading has-light-green-cyan-color has-text-color has-link-color wp-elements-3bde644886324400f327ea0a1140c2d4\" style=\"padding-bottom:var(--wp--preset--spacing--30)\">Visites th\u00e9rapeutiques d\u2019animaux \u00abPattes Humanitaires\u00bb<\/h1>\n\n\n\n<div class=\"wp-block-columns is-layout-flex wp-container-core-columns-is-layout-28f84493 wp-block-columns-is-layout-flex\">\n<div class=\"wp-block-column is-vertically-aligned-center is-layout-flow wp-block-column-is-layout-flow\" style=\"flex-basis:66.66%\">\n<p class=\"has-raft-fg-alt-background-color has-background\">Un groupe de b\u00e9n\u00e9voles d\u00e9vou\u00e9s offre des visites th\u00e9rapeutiques d\u2019animaux de compagnie \u00e0 des personnes de divers centres de l\u2019Ouest-de-l\u2019\u00eele et en provenance de communaut\u00e9s environnantes.<\/p>\n\n\n\n<p class=\"has-raft-fg-alt-background-color has-background\">Reconnaissant le lien th\u00e9rapeutique qui existe entre les animaux et les gens, le programme est offert aux citoyens qui habitent les maisons de retraite, les h\u00f4pitaux, les \u00e9tablissements de soins \u00e0 long terme, les universit\u00e9s, les c\u00e9geps et autres \u00e9tablissements publics. Les bienfaits que procurent les animaux de compagnie pour les personnes de tout \u00e2ge sont nombreux. On r\u00e9f\u00e8re souvent \u00e0 la camaraderie, le r\u00e9confort, et l\u2019affection, mais aussi ils aident \u00e0 calmer les personnes agit\u00e9es, \u00e0 stimuler les conversations, \u00e0 am\u00e9liorent les comp\u00e9tences en lecture et \u00e0 diminuer le stress des \u00e9l\u00e8ves pendant les p\u00e9riodes d\u2019examens.<\/p>\n\n\n\n<p class=\"has-raft-fg-alt-background-color has-background\">Pour plus d\u2019informations, communiquez avec nous au <strong>(514) 457-5445<\/strong> ou <strong><a href=\"mailto:info@volunteerwestisland.org\" target=\"_blank\" rel=\"noreferrer noopener\">info@volunteerwestisland.org<\/a><\/strong> ou visitez le site web <a href=\"https:\/\/caringpawsanimaltherapy.org\/fr\/\" target=\"_blank\" rel=\"noreferrer noopener\"><strong>Pattes Humanitaires Th\u00e9rapeutiques<\/strong><\/a><strong>.<\/strong><\/p>\n<\/div>\n\n\n\n<div class=\"wp-block-column is-vertically-aligned-center is-layout-flow wp-block-column-is-layout-flow\" style=\"border-style:none;border-width:0px;padding-top:0%;padding-right:var(--wp--preset--spacing--30);padding-left:var(--wp--preset--spacing--30);flex-basis:33.33%\">\n<figure class=\"wp-block-image size-full has-custom-border is-style-default\"><a href=\"https:\/\/caringpawsanimaltherapy.org\/fr\/\" target=\"_blank\" rel=\"noreferrer noopener\"><img loading=\"lazy\" decoding=\"async\" width=\"480\" height=\"520\" src=\"http:\/\/www.cabvwi.org\/wp-content\/uploads\/2023\/11\/CPAT-Logo.png\" alt=\"\" class=\"wp-image-455\" style=\"border-style:none;border-width:0px;border-radius:25px\" srcset=\"https:\/\/www.cabvwi.org\/wp-content\/uploads\/2023\/11\/CPAT-Logo.png 480w, https:\/\/www.cabvwi.org\/wp-content\/uploads\/2023\/11\/CPAT-Logo-277x300.png 277w\" sizes=\"auto, (max-width: 480px) 100vw, 480px\" \/><\/a><\/figure>\n<\/div>\n<\/div>\n<\/div>\n\n\n\n<div class=\"wp-block-group has-raft-bg-background-color has-background is-layout-constrained wp-container-core-group-is-layout-edf05be3 wp-block-group-is-layout-constrained\" style=\"margin-top:0;margin-bottom:0;padding-top:0;padding-right:0;padding-bottom:25px;padding-left:0\">\n<div class=\"wp-block-columns is-layout-flex wp-container-core-columns-is-layout-28f84493 wp-block-columns-is-layout-flex\">\n<div class=\"wp-block-column is-vertically-aligned-center is-layout-flow wp-block-column-is-layout-flow\" style=\"flex-basis:66.67%\">\n<figure class=\"wp-block-image size-full is-resized has-custom-border is-style-default\"><img loading=\"lazy\" decoding=\"async\" width=\"780\" height=\"439\" src=\"http:\/\/www.cabvwi.org\/wp-content\/uploads\/2023\/11\/CPAT-Ambulance.jpg\" alt=\"\" class=\"wp-image-457\" style=\"border-style:none;border-width:0px;border-radius:25px;aspect-ratio:16\/9;object-fit:cover;width:auto;height:275px\" srcset=\"https:\/\/www.cabvwi.org\/wp-content\/uploads\/2023\/11\/CPAT-Ambulance.jpg 780w, https:\/\/www.cabvwi.org\/wp-content\/uploads\/2023\/11\/CPAT-Ambulance-300x169.jpg 300w, https:\/\/www.cabvwi.org\/wp-content\/uploads\/2023\/11\/CPAT-Ambulance-768x432.jpg 768w\" sizes=\"auto, (max-width: 780px) 100vw, 780px\" \/><\/figure>\n<\/div>\n\n\n\n<div class=\"wp-block-column is-vertically-aligned-center is-layout-flow wp-block-column-is-layout-flow\" style=\"flex-basis:66.67%\">\n<div class=\"wp-block-columns is-layout-flex wp-container-core-columns-is-layout-28f84493 wp-block-columns-is-layout-flex\">\n<div class=\"wp-block-column is-layout-flow wp-block-column-is-layout-flow\" style=\"flex-basis:50%\">\n<figure class=\"wp-block-image aligncenter size-medium is-resized has-custom-border is-style-default\"><img loading=\"lazy\" decoding=\"async\" width=\"200\" height=\"300\" src=\"http:\/\/www.cabvwi.org\/wp-content\/uploads\/2023\/11\/CPAT-Dog-200x300.jpg\" alt=\"\" class=\"wp-image-459\" style=\"border-style:none;border-width:0px;border-radius:25px;aspect-ratio:3\/4;object-fit:cover;width:auto;height:275px\" srcset=\"https:\/\/www.cabvwi.org\/wp-content\/uploads\/2023\/11\/CPAT-Dog-200x300.jpg 200w, https:\/\/www.cabvwi.org\/wp-content\/uploads\/2023\/11\/CPAT-Dog-683x1024.jpg 683w, https:\/\/www.cabvwi.org\/wp-content\/uploads\/2023\/11\/CPAT-Dog.jpg 724w\" sizes=\"auto, (max-width: 200px) 100vw, 200px\" \/><\/figure>\n<\/div>\n\n\n\n<div class=\"wp-block-column is-layout-flow wp-block-column-is-layout-flow\" style=\"flex-basis:50%\">\n<figure class=\"wp-block-image aligncenter size-full is-resized has-custom-border is-style-default\"><img loading=\"lazy\" decoding=\"async\" width=\"763\" height=\"614\" src=\"http:\/\/www.cabvwi.org\/wp-content\/uploads\/2023\/11\/CPAT-Elderly.jpg\" alt=\"\" class=\"wp-image-461\" style=\"border-style:none;border-width:0px;border-radius:25px;aspect-ratio:3\/4;object-fit:cover;width:auto;height:275px\" srcset=\"https:\/\/www.cabvwi.org\/wp-content\/uploads\/2023\/11\/CPAT-Elderly.jpg 763w, https:\/\/www.cabvwi.org\/wp-content\/uploads\/2023\/11\/CPAT-Elderly-300x241.jpg 300w\" sizes=\"auto, (max-width: 763px) 100vw, 763px\" \/><\/figure>\n<\/div>\n<\/div>\n<\/div>\n<\/div>\n<\/div>\n\n\n\n<div class=\"wp-block-buttons is-content-justification-center is-layout-flex wp-container-core-buttons-is-layout-a89b3969 wp-block-buttons-is-layout-flex\">\n<div class=\"wp-block-button has-custom-width wp-block-button__width-25 has-custom-font-size is-style-fill has-medium-font-size\"><a class=\"wp-block-button__link has-raft-fg-alt-color has-light-green-cyan-background-color has-text-color has-background has-link-color has-text-align-center wp-element-button\" href=\"http:\/\/www.cabvwi.org\/fr\/inscription-benevoles\/\" style=\"border-style:none;border-width:0px;border-radius:25px;padding-top:var(--wp--preset--spacing--20);padding-right:0;padding-bottom:var(--wp--preset--spacing--20);padding-left:0\">Je veux \u00eatre b\u00e9n\u00e9vole<\/a><\/div>\n<\/div>\n\n\n\n<p><\/p>\n","protected":false},"excerpt":{"rendered":"<p>Le club Jeunes de coeur, 55 ans et plus Le CABOI organise des cours et des activit\u00e9s hebdomadaires con\u00e7us pour engager les a\u00een\u00e9s intellectuellement, culturellement et physiquement. Nous visons \u00e0 aider les personnes \u00e2g\u00e9es \u00e0 profiter des contacts sociaux tout en am\u00e9liorant leur sant\u00e9 physique et mentale. Le Caf\u00e9 des a\u00een\u00e9s Le Centre d&rsquo;action b\u00e9n\u00e9vole [&hellip;]<\/p>\n","protected":false},"author":1,"featured_media":0,"parent":0,"menu_order":0,"comment_status":"closed","ping_status":"closed","template":"","meta":{"_themeisle_gutenberg_block_has_review":false,"footnotes":""},"class_list":["post-1131","page","type-page","status-publish","hentry"],"_links":{"self":[{"href":"https:\/\/www.cabvwi.org\/fr\/wp-json\/wp\/v2\/pages\/1131","targetHints":{"allow":["GET"]}}],"collection":[{"href":"https:\/\/www.cabvwi.org\/fr\/wp-json\/wp\/v2\/pages"}],"about":[{"href":"https:\/\/www.cabvwi.org\/fr\/wp-json\/wp\/v2\/types\/page"}],"author":[{"embeddable":true,"href":"https:\/\/www.cabvwi.org\/fr\/wp-json\/wp\/v2\/users\/1"}],"replies":[{"embeddable":true,"href":"https:\/\/www.cabvwi.org\/fr\/wp-json\/wp\/v2\/comments?post=1131"}],"version-history":[{"count":10,"href":"https:\/\/www.cabvwi.org\/fr\/wp-json\/wp\/v2\/pages\/1131\/revisions"}],"predecessor-version":[{"id":1785,"href":"https:\/\/www.cabvwi.org\/fr\/wp-json\/wp\/v2\/pages\/1131\/revisions\/1785"}],"wp:attachment":[{"href":"https:\/\/www.cabvwi.org\/fr\/wp-json\/wp\/v2\/media?parent=1131"}],"curies":[{"name":"wp","href":"https:\/\/api.w.org\/{rel}","templated":true}]}}