{"id":1129,"date":"2023-11-19T11:16:27","date_gmt":"2023-11-19T16:16:27","guid":{"rendered":"http:\/\/www.cabvwi.org\/devenir-benevole\/"},"modified":"2025-03-06T09:35:06","modified_gmt":"2025-03-06T14:35:06","slug":"devenir-benevole","status":"publish","type":"page","link":"https:\/\/www.cabvwi.org\/fr\/devenir-benevole\/","title":{"rendered":"Devenir b\u00e9n\u00e9vole"},"content":{"rendered":"\n<div class=\"wp-block-group is-layout-constrained wp-container-core-group-is-layout-63962ee7 wp-block-group-is-layout-constrained\" style=\"margin-top:0;margin-bottom:0;padding-top:0;padding-right:0;padding-bottom:25px;padding-left:0\">\n<div class=\"wp-block-columns is-layout-flex wp-container-core-columns-is-layout-28f84493 wp-block-columns-is-layout-flex\">\n<div class=\"wp-block-column has-raft-bg-background-color has-background is-layout-flow wp-block-column-is-layout-flow\" style=\"padding-top:var(--wp--preset--spacing--50);padding-right:var(--wp--preset--spacing--60);padding-bottom:var(--wp--preset--spacing--50);padding-left:var(--wp--preset--spacing--60);flex-basis:50%\">\n<figure class=\"wp-block-image size-full has-custom-border is-style-default\"><img loading=\"lazy\" decoding=\"async\" width=\"4032\" height=\"3024\" src=\"https:\/\/www.cabvwi.org\/wp-content\/uploads\/2024\/10\/IMG_8070-1-1.jpeg\" alt=\"\" class=\"wp-image-1542\" style=\"border-style:none;border-width:0px;border-radius:25px;aspect-ratio:16\/9;object-fit:cover\"\/><\/figure>\n<\/div>\n\n\n\n<div class=\"wp-block-column has-raft-bg-background-color has-background is-layout-flow wp-block-column-is-layout-flow\" style=\"padding-top:var(--wp--preset--spacing--50);padding-right:var(--wp--preset--spacing--60);padding-bottom:var(--wp--preset--spacing--50);padding-left:var(--wp--preset--spacing--60);flex-basis:50%\">\n<figure class=\"wp-block-image size-full has-custom-border is-style-default\"><img loading=\"lazy\" decoding=\"async\" width=\"1800\" height=\"1198\" src=\"http:\/\/www.cabvwi.org\/wp-content\/uploads\/2023\/11\/Support-our-Vols-2.jpg\" alt=\"\" class=\"wp-image-442\" style=\"border-style:none;border-width:0px;border-radius:25px;aspect-ratio:16\/9;object-fit:cover\" srcset=\"https:\/\/www.cabvwi.org\/wp-content\/uploads\/2023\/11\/Support-our-Vols-2.jpg 1800w, https:\/\/www.cabvwi.org\/wp-content\/uploads\/2023\/11\/Support-our-Vols-2-300x200.jpg 300w, https:\/\/www.cabvwi.org\/wp-content\/uploads\/2023\/11\/Support-our-Vols-2-1024x682.jpg 1024w, https:\/\/www.cabvwi.org\/wp-content\/uploads\/2023\/11\/Support-our-Vols-2-768x511.jpg 768w, https:\/\/www.cabvwi.org\/wp-content\/uploads\/2023\/11\/Support-our-Vols-2-1536x1022.jpg 1536w\" sizes=\"auto, (max-width: 1800px) 100vw, 1800px\" \/><\/figure>\n<\/div>\n<\/div>\n\n\n\n<h1 class=\"wp-block-heading has-light-green-cyan-color has-text-color has-link-color wp-elements-769e29c8debb02e5610fa89fc6567755\">Je cherche&#8230;<\/h1>\n\n\n\n<p><iframe loading=\"lazy\" class=\"iframe\" src=\"https:\/\/vwi.my.salesforce-sites.com\/HomepageOpportunities?lang=fr\" width=\"100%\" height=\"600\" frameborder=\"0\" scrolling=\"yes\"><\/iframe><\/p>\n\n\n\n<div class=\"wp-block-group is-content-justification-center is-nowrap is-layout-flex wp-container-core-group-is-layout-c53ccde9 wp-block-group-is-layout-flex\" style=\"padding-top:25px;padding-bottom:0px\">\n<div class=\"wp-block-buttons is-content-justification-center is-layout-flex wp-container-core-buttons-is-layout-a89b3969 wp-block-buttons-is-layout-flex\">\n<div class=\"wp-block-button has-custom-width wp-block-button__width-100 has-custom-font-size is-style-fill has-medium-font-size\"><a class=\"wp-block-button__link has-raft-fg-alt-color has-light-green-cyan-background-color has-text-color has-background has-link-color has-text-align-center wp-element-button\" href=\"http:\/\/www.cabvwi.org\/fr\/liste-des-opportunites\" style=\"border-style:none;border-width:0px;border-radius:25px;padding-top:var(--wp--preset--spacing--30);padding-right:var(--wp--preset--spacing--50);padding-bottom:var(--wp--preset--spacing--30);padding-left:var(--wp--preset--spacing--50)\" target=\"_blank\" rel=\"noreferrer noopener\"><strong>Voir tous les postes de b\u00e9n\u00e9voles disponibles<\/strong><\/a><\/div>\n<\/div>\n<\/div>\n<\/div>\n\n\n\n<div class=\"wp-block-group has-raft-bg-background-color has-background is-layout-constrained wp-container-core-group-is-layout-edf05be3 wp-block-group-is-layout-constrained\" style=\"margin-top:0;margin-bottom:0;padding-top:0;padding-right:0;padding-bottom:25px;padding-left:0\">\n<div class=\"wp-block-columns is-layout-flex wp-container-core-columns-is-layout-28f84493 wp-block-columns-is-layout-flex\">\n<div class=\"wp-block-column is-layout-flow wp-block-column-is-layout-flow\" style=\"flex-basis:66.66%\">\n<h1 class=\"wp-block-heading has-light-green-cyan-color has-text-color has-link-color wp-elements-3852e5d5e50f64d4d9c6c50537fae71c\">Devenir b\u00e9n\u00e9vole<\/h1>\n\n\n\n<p class=\"has-raft-bg-background-color has-background\" style=\"padding-top:var(--wp--preset--spacing--30)\">Depuis plus de 55 ans, le Centre d\u2019action b\u00e9n\u00e9vole Ouest-de-l\u2019\u00cele recrute des b\u00e9n\u00e9voles enthousiastes, comp\u00e9tents et d\u00e9vou\u00e9s afin de r\u00e9pondre aux diff\u00e9rents besoins de la communaut\u00e9 de l\u2019Ouest de l\u2019\u00cele de Montr\u00e9al. Les b\u00e9n\u00e9voles agissent en tant que mentors pour nos enfants, ils nourrissent ceux qui ont faim, r\u00e9confortent les personnes esseul\u00e9es, embellissent nos espaces verts et fournissent des services de premi\u00e8re ligne pour soutenir des centaines de groupes et d\u2019organismes. Le b\u00e9n\u00e9volat est un v\u00e9hicule qui stimule l\u2019inclusion sociale, encourage la participation des citoyens, d\u00e9veloppe des comp\u00e9tences et favorise le bien \u00eatre.<\/p>\n\n\n\n<div class=\"wp-block-buttons is-content-justification-center is-layout-flex wp-container-core-buttons-is-layout-a89b3969 wp-block-buttons-is-layout-flex\">\n<div class=\"wp-block-button has-custom-width wp-block-button__width-50 has-custom-font-size is-style-fill has-medium-font-size\"><a class=\"wp-block-button__link has-raft-fg-alt-color has-light-green-cyan-background-color has-text-color has-background has-link-color has-text-align-center wp-element-button\" href=\"http:\/\/www.cabvwi.org\/fr\/inscription-benevoles\/\" style=\"border-style:none;border-width:0px;border-radius:25px;padding-top:var(--wp--preset--spacing--20);padding-right:0;padding-bottom:var(--wp--preset--spacing--20);padding-left:0\" target=\"_blank\" rel=\"noreferrer noopener\">Je veux \u00eatre <br>b\u00e9n\u00e9vole<\/a><\/div>\n<\/div>\n<\/div>\n\n\n\n<div class=\"wp-block-column is-layout-flow wp-block-column-is-layout-flow\" style=\"padding-right:var(--wp--preset--spacing--20);padding-left:var(--wp--preset--spacing--20)\">\n<figure class=\"wp-block-image size-full is-resized has-custom-border\"><img loading=\"lazy\" decoding=\"async\" width=\"755\" height=\"1041\" src=\"http:\/\/www.cabvwi.org\/wp-content\/uploads\/2023\/11\/Become-a-Vol-1.jpg\" alt=\"\" class=\"wp-image-433\" style=\"border-radius:25px;width:auto;height:350px\" srcset=\"https:\/\/www.cabvwi.org\/wp-content\/uploads\/2023\/11\/Become-a-Vol-1.jpg 755w, https:\/\/www.cabvwi.org\/wp-content\/uploads\/2023\/11\/Become-a-Vol-1-218x300.jpg 218w, https:\/\/www.cabvwi.org\/wp-content\/uploads\/2023\/11\/Become-a-Vol-1-743x1024.jpg 743w\" sizes=\"auto, (max-width: 755px) 100vw, 755px\" \/><\/figure>\n<\/div>\n<\/div>\n<\/div>\n\n\n\n<div class=\"wp-block-group is-layout-constrained wp-container-core-group-is-layout-edf05be3 wp-block-group-is-layout-constrained\" style=\"margin-top:0;margin-bottom:0;padding-top:0;padding-right:0;padding-bottom:25px;padding-left:0\">\n<h1 class=\"wp-block-heading has-light-green-cyan-color has-text-color has-link-color wp-elements-0790bcc130d6fa8422dcbf52d5a8fbdd\" style=\"padding-bottom:var(--wp--preset--spacing--30)\">Le b\u00e9n\u00e9volat pour tous et chacun<\/h1>\n\n\n\n<div class=\"wp-block-columns is-layout-flex wp-container-core-columns-is-layout-28f84493 wp-block-columns-is-layout-flex\">\n<div class=\"wp-block-column is-vertically-aligned-center is-layout-flow wp-block-column-is-layout-flow\" style=\"flex-basis:66.66%\">\n<p class=\"has-raft-fg-alt-background-color has-background\">Les centres de recrutement de b\u00e9n\u00e9voles accueillent toutes les personnes d\u00e9sirant contribuer au bien-\u00eatre de leur communaut\u00e9. Il est extr\u00eamement important de promouvoir l\u2019importance du r\u00f4le des b\u00e9n\u00e9voles dans une communaut\u00e9 en invitant toutes les personnes, avec ou sans handicap, \u00e0 se joindre \u00e0 eux pour r\u00e9pondre aux besoins de celle-ci. Il est donc de notre responsabilit\u00e9 en tant que b\u00e2tisseur et protecteur de la communaut\u00e9, d\u2019accueillir et d\u2019accommoder tous ceux et celles qui d\u00e9sirent contribuer au bien-\u00eatre de celle-ci.<br><br>Recruter des b\u00e9n\u00e9voles ayant des capacit\u00e9s diff\u00e9rentes ne fait qu\u2019enrichir les organismes qui les accueillent. Non seulement les groupes communautaires ont acc\u00e8s \u00e0 un plus grand nombre de b\u00e9n\u00e9voles motiv\u00e9s et investis, mais ceux-ci d\u00e9montrent davantage une plus grande ouverture d\u2019esprit.<\/p>\n<\/div>\n\n\n\n<div class=\"wp-block-column is-vertically-aligned-center is-layout-flow wp-block-column-is-layout-flow\" style=\"border-style:none;border-width:0px;padding-top:0%;padding-right:var(--wp--preset--spacing--30);padding-left:var(--wp--preset--spacing--30);flex-basis:33.33%\">\n<figure class=\"wp-block-image size-full is-resized has-custom-border is-style-default\"><img loading=\"lazy\" decoding=\"async\" width=\"1920\" height=\"2560\" src=\"http:\/\/www.cabvwi.org\/wp-content\/uploads\/2024\/02\/A-place-for-everyone-1-edited-1-scaled.jpg\" alt=\"\" class=\"wp-image-898\" style=\"border-style:none;border-width:0px;border-radius:25px;width:auto;height:440px\" srcset=\"https:\/\/www.cabvwi.org\/wp-content\/uploads\/2024\/02\/A-place-for-everyone-1-edited-1-scaled.jpg 1920w, https:\/\/www.cabvwi.org\/wp-content\/uploads\/2024\/02\/A-place-for-everyone-1-edited-1-225x300.jpg 225w, https:\/\/www.cabvwi.org\/wp-content\/uploads\/2024\/02\/A-place-for-everyone-1-edited-1-768x1024.jpg 768w, https:\/\/www.cabvwi.org\/wp-content\/uploads\/2024\/02\/A-place-for-everyone-1-edited-1-1152x1536.jpg 1152w, https:\/\/www.cabvwi.org\/wp-content\/uploads\/2024\/02\/A-place-for-everyone-1-edited-1-1536x2048.jpg 1536w\" sizes=\"auto, (max-width: 1920px) 100vw, 1920px\" \/><\/figure>\n<\/div>\n<\/div>\n<\/div>\n\n\n\n<div class=\"wp-block-group is-layout-constrained wp-container-core-group-is-layout-63962ee7 wp-block-group-is-layout-constrained\" style=\"margin-top:0;margin-bottom:0;padding-top:0;padding-right:0;padding-bottom:25px;padding-left:0\">\n<div class=\"wp-block-group is-nowrap is-layout-flex wp-container-core-group-is-layout-6c531013 wp-block-group-is-layout-flex\">\n<h1 class=\"wp-block-heading has-light-green-cyan-color has-text-color has-link-color wp-elements-eb36fac0302480496f28fdd714c9ed3c\" style=\"padding-bottom:var(--wp--preset--spacing--30)\">Nous soutenons nos b\u00e9n\u00e9voles<\/h1>\n<\/div>\n\n\n\n<p class=\"has-raft-fg-alt-background-color has-background\" style=\"margin-top:0;margin-bottom:0;padding-top:var(--wp--preset--spacing--30);padding-bottom:0\">Quelles que soient les m\u00e9thodes de soutien utilis\u00e9es pour soutenir nos b\u00e9n\u00e9voles, il est important de s\u2019assurer qu\u2019elles r\u00e9pondent aux crit\u00e8res suivants:<\/p>\n\n\n\n<ul style=\"padding-top:0;padding-right:0px;padding-left:60px\" class=\"wp-block-list has-raft-fg-alt-background-color has-background\">\n<li><strong>L\u2019accessibilit\u00e9<\/strong>: Les b\u00e9n\u00e9voles doivent avoir acc\u00e8s au soutien en tout temps. Cela signifie que le soutien doit \u00eatre accessible \u00e0 des moments et \u00e0 des endroits appropri\u00e9s et que des m\u00e9thodes \u00e9tablies sont faciles \u00e0 comprendre. De plus, au Centre d\u2019action b\u00e9n\u00e9vole Ouest-de-l\u2019\u00cele, une personne ressource demeure \u00e0 la disposition des b\u00e9n\u00e9voles.<\/li>\n\n\n\n<li><strong>La flexibilit\u00e9<\/strong>: Les outils de soutien disponibles doivent r\u00e9pondre aux besoins des b\u00e9n\u00e9voles.<\/li>\n\n\n\n<li><strong>La pertinence<\/strong>: Les outils de soutien doivent \u00eatre applicables au travail sp\u00e9cifique des b\u00e9n\u00e9voles .<\/li>\n\n\n\n<li><strong>La responsabilit\u00e9 partag\u00e9e<\/strong>: Le soutien provient d\u2019une vari\u00e9t\u00e9 de sources au sein de l\u2019organisme. Il peut \u00eatre re\u00e7u par le biais du personnel, des autres b\u00e9n\u00e9voles, d\u2019amis, de parents et de contacts.<\/li>\n<\/ul>\n<\/div>\n","protected":false},"excerpt":{"rendered":"<p>Je cherche&#8230; Devenir b\u00e9n\u00e9vole Depuis plus de 55 ans, le Centre d\u2019action b\u00e9n\u00e9vole Ouest-de-l\u2019\u00cele recrute des b\u00e9n\u00e9voles enthousiastes, comp\u00e9tents et d\u00e9vou\u00e9s afin de r\u00e9pondre aux diff\u00e9rents besoins de la communaut\u00e9 de l\u2019Ouest de l\u2019\u00cele de Montr\u00e9al. Les b\u00e9n\u00e9voles agissent en tant que mentors pour nos enfants, ils nourrissent ceux qui ont faim, r\u00e9confortent les personnes [&hellip;]<\/p>\n","protected":false},"author":1,"featured_media":0,"parent":0,"menu_order":0,"comment_status":"closed","ping_status":"closed","template":"","meta":{"_themeisle_gutenberg_block_has_review":false,"footnotes":""},"class_list":["post-1129","page","type-page","status-publish","hentry"],"_links":{"self":[{"href":"https:\/\/www.cabvwi.org\/fr\/wp-json\/wp\/v2\/pages\/1129","targetHints":{"allow":["GET"]}}],"collection":[{"href":"https:\/\/www.cabvwi.org\/fr\/wp-json\/wp\/v2\/pages"}],"about":[{"href":"https:\/\/www.cabvwi.org\/fr\/wp-json\/wp\/v2\/types\/page"}],"author":[{"embeddable":true,"href":"https:\/\/www.cabvwi.org\/fr\/wp-json\/wp\/v2\/users\/1"}],"replies":[{"embeddable":true,"href":"https:\/\/www.cabvwi.org\/fr\/wp-json\/wp\/v2\/comments?post=1129"}],"version-history":[{"count":11,"href":"https:\/\/www.cabvwi.org\/fr\/wp-json\/wp\/v2\/pages\/1129\/revisions"}],"predecessor-version":[{"id":1779,"href":"https:\/\/www.cabvwi.org\/fr\/wp-json\/wp\/v2\/pages\/1129\/revisions\/1779"}],"wp:attachment":[{"href":"https:\/\/www.cabvwi.org\/fr\/wp-json\/wp\/v2\/media?parent=1129"}],"curies":[{"name":"wp","href":"https:\/\/api.w.org\/{rel}","templated":true}]}}